{"id":3,"date":"2024-02-28T18:52:32","date_gmt":"2024-02-28T18:52:32","guid":{"rendered":"https:\/\/manospanaderas.com\/?page_id=3"},"modified":"2024-06-12T23:13:58","modified_gmt":"2024-06-12T23:13:58","slug":"aviso-de-privacidad-manos-panaderas","status":"publish","type":"page","link":"https:\/\/manospanaderas.com\/index.php\/aviso-de-privacidad-manos-panaderas\/","title":{"rendered":"Aviso de privacidad"},"content":{"rendered":"\t\t<div data-elementor-type=\"wp-page\" data-elementor-id=\"3\" class=\"elementor elementor-3\" data-elementor-post-type=\"page\">\n\t\t\t\t<div class=\"elementor-element elementor-element-3950a40e e-flex e-con-boxed e-con e-parent\" data-id=\"3950a40e\" data-element_type=\"container\">\n\t\t\t\t\t<div class=\"e-con-inner\">\n\t\t\t\t<div class=\"elementor-element elementor-element-f255015 elementor-widget elementor-widget-text-editor\" data-id=\"f255015\" data-element_type=\"widget\" data-widget_type=\"text-editor.default\">\n\t\t\t\t<div class=\"elementor-widget-container\">\n\t\t\t<style>\/*! elementor - v3.21.0 - 30-04-2024 *\/\n.elementor-widget-text-editor.elementor-drop-cap-view-stacked .elementor-drop-cap{background-color:#69727d;color:#fff}.elementor-widget-text-editor.elementor-drop-cap-view-framed .elementor-drop-cap{color:#69727d;border:3px solid;background-color:transparent}.elementor-widget-text-editor:not(.elementor-drop-cap-view-default) .elementor-drop-cap{margin-top:8px}.elementor-widget-text-editor:not(.elementor-drop-cap-view-default) .elementor-drop-cap-letter{width:1em;height:1em}.elementor-widget-text-editor .elementor-drop-cap{float:left;text-align:center;line-height:1;font-size:50px}.elementor-widget-text-editor .elementor-drop-cap-letter{display:inline-block}<\/style>\t\t\t\t<h3>Aviso de Privacidad de Manos Panaderas<\/h3><p>En Manos Panaderas, ubicados en Isabel la Cat\u00f3lica 1033, Ni\u00f1os H\u00e9roes de Chapultepec, Ni\u00f1os H\u00e9roes, Benito Ju\u00e1rez, CDMX, respetamos tu privacidad y el derecho a controlar tus datos personales. Nuestro principal compromiso es mantener la seguridad de nuestra comunidad y de nuestros clientes al tratar sus datos personales con respeto y confidencialidad, conforme a las leyes aplicables.<\/p><h4>Datos Recabados<\/h4><p>Recopilamos informaci\u00f3n necesaria para proporcionar nuestros servicios y mejorar tu experiencia de compra. Esto incluye, pero no se limita a, nombre, direcci\u00f3n de correo electr\u00f3nico, n\u00famero telef\u00f3nico y direcci\u00f3n f\u00edsica cuando realizas una compra o te comunicas con nosotros.<\/p><h4>Uso de la Informaci\u00f3n<\/h4><p>La informaci\u00f3n recopilada se utiliza para procesar tus pedidos, responder a tus consultas, mejorar nuestros servicios y comunicaciones, y enviar informaci\u00f3n promocional, siempre sujeta a tu consentimiento.<\/p><h4>Protecci\u00f3n de tus Datos<\/h4><p>Tomamos medidas de seguridad adecuadas para proteger tus datos contra el acceso no autorizado, la divulgaci\u00f3n, alteraci\u00f3n o destrucci\u00f3n. Limitamos el acceso a tus datos personales a aquellos empleados y contratistas que necesitan conocer esa informaci\u00f3n para proporcionarte servicios.<\/p><h4>Tus Derechos<\/h4><p>Tienes derecho a acceder, rectificar o cancelar tus datos personales, as\u00ed como a oponerte a su uso o solicitar la limitaci\u00f3n de su tratamiento enviando un correo a ventas@manospanaderas.com o llam\u00e1ndonos al 55 1694 1002.<\/p><h4>Contacto<\/h4><p>Para cualquier duda o comentario sobre este aviso, puedes dirigirte a nosotros a trav\u00e9s de la direcci\u00f3n proporcionada o a trav\u00e9s de nuestro correo electr\u00f3nico: ventas@manospanaderas.com.<\/p><h4>Cambios en el Aviso de Privacidad<\/h4><p>Nos reservamos el derecho de modificar este aviso de privacidad en cualquier momento. Te recomendamos revisar peri\u00f3dicamente esta p\u00e1gina para estar al tanto de cualquier cambio.<\/p><p>Este aviso de privacidad refleja nuestro compromiso con las pr\u00e1cticas de privacidad y la protecci\u00f3n de datos personales. En Manos Panaderas, tu \u00e9xito y tu privacidad son nuestra prioridad.<\/p>\t\t\t\t\t\t<\/div>\n\t\t\t\t<\/div>\n\t\t\t\t\t<\/div>\n\t\t\t\t<\/div>\n\t\t\t\t<\/div>\n\t\t","protected":false},"excerpt":{"rendered":"<p>Aviso de Privacidad de Manos Panaderas En Manos Panaderas, ubicados en Isabel la Cat\u00f3lica 1033, Ni\u00f1os H\u00e9roes de Chapultepec, Ni\u00f1os H\u00e9roes, Benito Ju\u00e1rez, CDMX, respetamos tu privacidad y el derecho a controlar tus datos personales. Nuestro principal compromiso es mantener la seguridad de nuestra comunidad y de nuestros clientes al tratar sus datos personales con [&hellip;]<\/p>\n","protected":false},"author":1,"featured_media":0,"parent":0,"menu_order":0,"comment_status":"closed","ping_status":"closed","template":"","meta":{"footnotes":""},"class_list":["post-3","page","type-page","status-publish","hentry"],"_links":{"self":[{"href":"https:\/\/manospanaderas.com\/index.php\/wp-json\/wp\/v2\/pages\/3"}],"collection":[{"href":"https:\/\/manospanaderas.com\/index.php\/wp-json\/wp\/v2\/pages"}],"about":[{"href":"https:\/\/manospanaderas.com\/index.php\/wp-json\/wp\/v2\/types\/page"}],"author":[{"embeddable":true,"href":"https:\/\/manospanaderas.com\/index.php\/wp-json\/wp\/v2\/users\/1"}],"replies":[{"embeddable":true,"href":"https:\/\/manospanaderas.com\/index.php\/wp-json\/wp\/v2\/comments?post=3"}],"version-history":[{"count":7,"href":"https:\/\/manospanaderas.com\/index.php\/wp-json\/wp\/v2\/pages\/3\/revisions"}],"predecessor-version":[{"id":957,"href":"https:\/\/manospanaderas.com\/index.php\/wp-json\/wp\/v2\/pages\/3\/revisions\/957"}],"wp:attachment":[{"href":"https:\/\/manospanaderas.com\/index.php\/wp-json\/wp\/v2\/media?parent=3"}],"curies":[{"name":"wp","href":"https:\/\/api.w.org\/{rel}","templated":true}]}}