{"id":440,"date":"2024-03-27T15:04:20","date_gmt":"2024-03-27T15:04:20","guid":{"rendered":"https:\/\/manospanaderas.com\/?page_id=440"},"modified":"2024-05-07T22:49:28","modified_gmt":"2024-05-07T22:49:28","slug":"terminos-y-condiciones-mp","status":"publish","type":"page","link":"https:\/\/manospanaderas.com\/index.php\/terminos-y-condiciones-mp\/","title":{"rendered":"T\u00e9rminos y condiciones"},"content":{"rendered":"\t\t<div data-elementor-type=\"wp-page\" data-elementor-id=\"440\" class=\"elementor elementor-440\" data-elementor-post-type=\"page\">\n\t\t\t\t<div class=\"elementor-element elementor-element-76d9ded0 e-flex e-con-boxed e-con e-parent\" data-id=\"76d9ded0\" data-element_type=\"container\">\n\t\t\t\t\t<div class=\"e-con-inner\">\n\t\t\t\t<div class=\"elementor-element elementor-element-6b7dc961 elementor-widget elementor-widget-text-editor\" data-id=\"6b7dc961\" data-element_type=\"widget\" data-widget_type=\"text-editor.default\">\n\t\t\t\t<div class=\"elementor-widget-container\">\n\t\t\t<style>\/*! elementor - v3.21.0 - 30-04-2024 *\/\n.elementor-widget-text-editor.elementor-drop-cap-view-stacked .elementor-drop-cap{background-color:#69727d;color:#fff}.elementor-widget-text-editor.elementor-drop-cap-view-framed .elementor-drop-cap{color:#69727d;border:3px solid;background-color:transparent}.elementor-widget-text-editor:not(.elementor-drop-cap-view-default) .elementor-drop-cap{margin-top:8px}.elementor-widget-text-editor:not(.elementor-drop-cap-view-default) .elementor-drop-cap-letter{width:1em;height:1em}.elementor-widget-text-editor .elementor-drop-cap{float:left;text-align:center;line-height:1;font-size:50px}.elementor-widget-text-editor .elementor-drop-cap-letter{display:inline-block}<\/style>\t\t\t\t<!-- wp:paragraph -->\n<h3><strong>T\u00e9rminos y Condiciones de Uso para Manos Panaderas<\/strong><\/h3>\n<h4><strong>Bienvenido a Manos Panaderas<\/strong><\/h4>\n<p>Al acceder y utilizar el sitio web de Manos Panaderas, ubicado en Isabel la Cat\u00f3lica 1033, Ni\u00f1os H\u00e9roes de Chapultepec, Ni\u00f1os H\u00e9roes, Benito Ju\u00e1rez, CDMX, aceptas cumplir con los siguientes t\u00e9rminos y condiciones de uso, que junto con nuestra pol\u00edtica de privacidad, rigen la relaci\u00f3n entre Manos Panaderas y t\u00fa en relaci\u00f3n con este sitio web. Si no est\u00e1s de acuerdo con alguna parte de estos t\u00e9rminos y condiciones, por favor no utilices nuestro sitio web.<\/p>\n<h4><strong>Propiedad Intelectual<\/strong><\/h4>\n<p>El contenido de las p\u00e1ginas de este sitio web es para tu informaci\u00f3n general y uso exclusivo. Est\u00e1 sujeto a cambios sin previo aviso. Tanto el dise\u00f1o como el contenido del sitio web est\u00e1n protegidos por leyes de propiedad intelectual y son propiedad de Manos Panaderas o est\u00e1n licenciados a nosotros.<\/p>\n<h4><strong>Uso del Sitio Web<\/strong><\/h4>\n<p>No se permite la reproducci\u00f3n, ni total ni parcial, de ning\u00fan contenido, dise\u00f1o o layout, excepto conforme a lo permitido por las leyes aplicables o con consentimiento previo por escrito de Manos Panaderas.<\/p>\n<h4><strong>Exactitud de la Informaci\u00f3n<\/strong><\/h4>\n<p>Nos esforzamos por asegurar que toda la informaci\u00f3n proporcionada en el sitio sea precisa y actual. Sin embargo, no garantizamos la exactitud o integridad de esa informaci\u00f3n. Nos reservamos el derecho de hacer cambios en el contenido, los productos y los precios en cualquier momento, sin previo aviso.<\/p>\n<h4><strong>Enlaces a Sitios de Terceros<\/strong><\/h4>\n<p>Nuestro sitio web puede incluir enlaces a sitios web externos que son proporcionados para tu conveniencia. No tenemos control sobre el contenido de esos sitios y no aceptamos responsabilidad por ellos ni por cualquier p\u00e9rdida o da\u00f1o que pueda surgir de tu uso de los mismos.<\/p>\n<h4><strong>Limitaci\u00f3n de Responsabilidad<\/strong><\/h4>\n<p>Manos Panaderas no ser\u00e1 responsable por ning\u00fan da\u00f1o o p\u00e9rdida resultante del uso o incapacidad para usar este sitio web, o de cualquier contenido obtenido del mismo.<\/p>\n<h4><strong>Contacto<\/strong><\/h4>\n<p>Para consultas relacionadas con nuestros t\u00e9rminos y condiciones, por favor contacta a <a target=\"_new\">ventas@manospanaderas.com<\/a> o llama al 55 1694 1002.<\/p>\n<h4><strong>Cambios en los T\u00e9rminos y Condiciones<\/strong><\/h4>\n<p>Manos Panaderas se reserva el derecho de modificar estos t\u00e9rminos y condiciones en cualquier momento. Te animamos a revisar esta secci\u00f3n regularmente para asegurarte de estar informado de cualquier cambio.<\/p>\n<p>Al continuar utilizando este sitio web despu\u00e9s de que se publiquen cambios en estos t\u00e9rminos, aceptas estar sujeto a esos cambios.<\/p>\n<h4><strong>Acuerdo Completo<\/strong><\/h4>\n<p>Estos t\u00e9rminos y condiciones, junto con nuestra pol\u00edtica de privacidad, constituyen el acuerdo completo entre t\u00fa y Manos Panaderas en relaci\u00f3n con tu uso de nuestro sitio web.<\/p>\n<p>Gracias por visitar Manos Panaderas.<\/p>\n<!-- \/wp:paragraph -->\t\t\t\t\t\t<\/div>\n\t\t\t\t<\/div>\n\t\t\t\t\t<\/div>\n\t\t\t\t<\/div>\n\t\t\t\t<\/div>\n\t\t","protected":false},"excerpt":{"rendered":"<p>T\u00e9rminos y Condiciones de Uso para Manos Panaderas Bienvenido a Manos Panaderas Al acceder y utilizar el sitio web de Manos Panaderas, ubicado en Isabel la Cat\u00f3lica 1033, Ni\u00f1os H\u00e9roes de Chapultepec, Ni\u00f1os H\u00e9roes, Benito Ju\u00e1rez, CDMX, aceptas cumplir con los siguientes t\u00e9rminos y condiciones de uso, que junto con nuestra pol\u00edtica de privacidad, rigen [&hellip;]<\/p>\n","protected":false},"author":1,"featured_media":0,"parent":0,"menu_order":0,"comment_status":"closed","ping_status":"closed","template":"","meta":{"footnotes":""},"class_list":["post-440","page","type-page","status-publish","hentry"],"_links":{"self":[{"href":"https:\/\/manospanaderas.com\/index.php\/wp-json\/wp\/v2\/pages\/440"}],"collection":[{"href":"https:\/\/manospanaderas.com\/index.php\/wp-json\/wp\/v2\/pages"}],"about":[{"href":"https:\/\/manospanaderas.com\/index.php\/wp-json\/wp\/v2\/types\/page"}],"author":[{"embeddable":true,"href":"https:\/\/manospanaderas.com\/index.php\/wp-json\/wp\/v2\/users\/1"}],"replies":[{"embeddable":true,"href":"https:\/\/manospanaderas.com\/index.php\/wp-json\/wp\/v2\/comments?post=440"}],"version-history":[{"count":4,"href":"https:\/\/manospanaderas.com\/index.php\/wp-json\/wp\/v2\/pages\/440\/revisions"}],"predecessor-version":[{"id":675,"href":"https:\/\/manospanaderas.com\/index.php\/wp-json\/wp\/v2\/pages\/440\/revisions\/675"}],"wp:attachment":[{"href":"https:\/\/manospanaderas.com\/index.php\/wp-json\/wp\/v2\/media?parent=440"}],"curies":[{"name":"wp","href":"https:\/\/api.w.org\/{rel}","templated":true}]}}