{"id":1303,"date":"2024-07-04T19:19:29","date_gmt":"2024-07-04T19:19:29","guid":{"rendered":"https:\/\/manospanaderas.com\/?post_type=product&#038;p=1303"},"modified":"2024-07-04T21:01:25","modified_gmt":"2024-07-04T21:01:25","slug":"fermentadora-6-charolas","status":"publish","type":"product","link":"https:\/\/manospanaderas.com\/index.php\/product\/fermentadora-6-charolas\/","title":{"rendered":"Fermentadora 6 charolas"},"content":{"rendered":"<ul>\n<li style=\"font-weight: 400;\" aria-level=\"1\"><span style=\"font-weight: 400;\">Control: Digital de tiempo, temperatura y humedad<\/span><\/li>\n<li style=\"font-weight: 400;\" aria-level=\"1\"><span style=\"font-weight: 400;\">Medidas: 88 x 79 x H87 cm<\/span><\/li>\n<li style=\"font-weight: 400;\" aria-level=\"1\"><span style=\"font-weight: 400;\">Capacidad: 6 bandejas de 66\u00d746<\/span><\/li>\n<li style=\"font-weight: 400;\" aria-level=\"1\"><span style=\"font-weight: 400;\">Peso Neto: 80 kg<\/span><\/li>\n<li style=\"font-weight: 400;\" aria-level=\"1\"><span style=\"font-weight: 400;\">Tensi\u00f3n (consumo): <\/span><b>220 Volt<\/b><span style=\"font-weight: 400;\">, 60 Hz, 2 fases (10,8 Amp)<\/span><\/li>\n<li style=\"font-weight: 400;\" aria-level=\"1\"><span style=\"font-weight: 400;\">Potencia el\u00e9ctrica: 2,53 kW<\/span><\/li>\n<li style=\"font-weight: 400;\" aria-level=\"1\"><span style=\"font-weight: 400;\">Compatible con los hornos A6<\/span><\/li>\n<\/ul>\n","protected":false},"excerpt":{"rendered":"<p>Control: Digital de tiempo, temperatura y humedad Medidas: 88 x 79 x H87 cm Capacidad: 6 bandejas de 66\u00d746 Peso Neto: 80 kg Tensi\u00f3n (consumo): 220 Volt, 60 Hz, 2 fases (10,8 Amp) Potencia el\u00e9ctrica: 2,53 kW Compatible con los hornos A6<\/p>\n","protected":false},"featured_media":1347,"comment_status":"open","ping_status":"closed","template":"","meta":[],"product_cat":[31],"product_tag":[],"class_list":{"0":"post-1303","1":"product","2":"type-product","3":"status-publish","4":"has-post-thumbnail","6":"product_cat-fermentadoras","8":"first","9":"instock","10":"shipping-taxable","11":"product-type-simple"},"_links":{"self":[{"href":"https:\/\/manospanaderas.com\/index.php\/wp-json\/wp\/v2\/product\/1303"}],"collection":[{"href":"https:\/\/manospanaderas.com\/index.php\/wp-json\/wp\/v2\/product"}],"about":[{"href":"https:\/\/manospanaderas.com\/index.php\/wp-json\/wp\/v2\/types\/product"}],"replies":[{"embeddable":true,"href":"https:\/\/manospanaderas.com\/index.php\/wp-json\/wp\/v2\/comments?post=1303"}],"wp:featuredmedia":[{"embeddable":true,"href":"https:\/\/manospanaderas.com\/index.php\/wp-json\/wp\/v2\/media\/1347"}],"wp:attachment":[{"href":"https:\/\/manospanaderas.com\/index.php\/wp-json\/wp\/v2\/media?parent=1303"}],"wp:term":[{"taxonomy":"product_cat","embeddable":true,"href":"https:\/\/manospanaderas.com\/index.php\/wp-json\/wp\/v2\/product_cat?post=1303"},{"taxonomy":"product_tag","embeddable":true,"href":"https:\/\/manospanaderas.com\/index.php\/wp-json\/wp\/v2\/product_tag?post=1303"}],"curies":[{"name":"wp","href":"https:\/\/api.w.org\/{rel}","templated":true}]}}