{"id":1434,"date":"2024-08-12T18:01:05","date_gmt":"2024-08-12T18:01:05","guid":{"rendered":"https:\/\/manospanaderas.com\/?post_type=product&#038;p=1434"},"modified":"2024-08-12T18:02:49","modified_gmt":"2024-08-12T18:02:49","slug":"horno-36-charolas-inoxforni-2","status":"publish","type":"product","link":"https:\/\/manospanaderas.com\/index.php\/product\/horno-36-charolas-inoxforni-2\/","title":{"rendered":"Horno 36 charolas -Inoxforni"},"content":{"rendered":"<p><b>Voltaje 220V Bif\u00e1sico<\/b><\/p>\n<p><span style=\"font-weight: 400;\">Gran capacidad de producci\u00f3n<\/span><\/p>\n<p><span style=\"font-weight: 400;\">Carro giratorio por medio de plataforma y canastilla<\/span><\/p>\n<p><span style=\"font-weight: 400;\">Sistema de giro independiente<\/span><\/p>\n<p><span style=\"font-weight: 400;\">Equipado con un quemador de tiro forzado italiano de gran potencia y eficiencia<\/span><\/p>\n<p><span style=\"font-weight: 400;\">Espacio entre bandejas de 9 cm<\/span><\/p>\n<p><span style=\"font-weight: 400;\">Funcionamiento a gas o di\u00e9sel<\/span><\/p>\n<p><span style=\"font-weight: 400;\">Sistema de extracci\u00f3n de vapor<\/span><\/p>\n<p><span style=\"font-weight: 400;\">Panel de control Smart de 7\u201d<\/span><\/p>\n<p><span style=\"font-weight: 400;\">Flujo de aire laminar que permite hornear productos delicados<\/span><\/p>\n<p><span style=\"font-weight: 400;\">Puerta panor\u00e1mica de gran visi\u00f3n interna con doble cristal templado desmontables para una f\u00e1cil limpieza<\/span><\/p>\n","protected":false},"excerpt":{"rendered":"<p>Voltaje 220V Bif\u00e1sico Gran capacidad de producci\u00f3n Carro giratorio por medio de plataforma y canastilla Sistema de giro independiente Equipado con un quemador de tiro forzado italiano de gran potencia y eficiencia Espacio entre bandejas de 9 cm Funcionamiento a gas o di\u00e9sel Sistema de extracci\u00f3n de vapor Panel de control Smart de 7\u201d Flujo [&hellip;]<\/p>\n","protected":false},"featured_media":1437,"comment_status":"open","ping_status":"closed","template":"","meta":[],"product_cat":[24],"product_tag":[],"class_list":{"0":"post-1434","1":"product","2":"type-product","3":"status-publish","4":"has-post-thumbnail","6":"product_cat-hornos","8":"first","9":"instock","10":"shipping-taxable","11":"product-type-simple"},"_links":{"self":[{"href":"https:\/\/manospanaderas.com\/index.php\/wp-json\/wp\/v2\/product\/1434"}],"collection":[{"href":"https:\/\/manospanaderas.com\/index.php\/wp-json\/wp\/v2\/product"}],"about":[{"href":"https:\/\/manospanaderas.com\/index.php\/wp-json\/wp\/v2\/types\/product"}],"replies":[{"embeddable":true,"href":"https:\/\/manospanaderas.com\/index.php\/wp-json\/wp\/v2\/comments?post=1434"}],"wp:featuredmedia":[{"embeddable":true,"href":"https:\/\/manospanaderas.com\/index.php\/wp-json\/wp\/v2\/media\/1437"}],"wp:attachment":[{"href":"https:\/\/manospanaderas.com\/index.php\/wp-json\/wp\/v2\/media?parent=1434"}],"wp:term":[{"taxonomy":"product_cat","embeddable":true,"href":"https:\/\/manospanaderas.com\/index.php\/wp-json\/wp\/v2\/product_cat?post=1434"},{"taxonomy":"product_tag","embeddable":true,"href":"https:\/\/manospanaderas.com\/index.php\/wp-json\/wp\/v2\/product_tag?post=1434"}],"curies":[{"name":"wp","href":"https:\/\/api.w.org\/{rel}","templated":true}]}}