{"id":1443,"date":"2024-08-12T23:41:54","date_gmt":"2024-08-12T23:41:54","guid":{"rendered":"https:\/\/manospanaderas.com\/?post_type=product&#038;p=1443"},"modified":"2024-08-12T23:41:54","modified_gmt":"2024-08-12T23:41:54","slug":"fermentadora-de-10-charolas-g-paniz","status":"publish","type":"product","link":"https:\/\/manospanaderas.com\/index.php\/product\/fermentadora-de-10-charolas-g-paniz\/","title":{"rendered":"Fermentadora de 10 charolas G-Paniz"},"content":{"rendered":"<p>Modelo FTG150<\/p>\n<ul class=\"ul1\">\n<li class=\"li1\">Estructura pre-pintada externamente.<\/li>\n<li class=\"li1\">Programaci\u00f3n en modo descongelamiento y modo con fermentaci\u00f3n con humedad directa.<\/li>\n<li class=\"li1\">Generador de humedad tipo caldera sin control de humedad.<\/li>\n<li class=\"li1\">Con temporizador electr\u00f3nico<\/li>\n<li class=\"li1\">Con sensor de temperatura y pantalla de cristal l\u00edquido<\/li>\n<li class=\"li1\">Sensor de nivel de agua.<\/li>\n<li class=\"li1\">Fermentaci\u00f3n con humedad directa.<\/li>\n<li class=\"li1\">Generador de humedad tipo caldera sin control de humedad.<\/li>\n<li class=\"li1\">Ruedas para facilitar su movimiento.<\/li>\n<\/ul>\n<p class=\"p1\">Capacidad 10 charolas 45 X 65 fermentaci\u00f3n y calentamiento de 30\u00ba a 35\u00ba C<\/p>\n<p class=\"p1\">Rango de enfriamiento de 5\u00b0c a 9\u00b0<\/p>\n<p class=\"p1\"><strong>KWH:\u00a0<\/strong><\/p>\n<p class=\"p1\">\u00bd consumo el\u00e9ctrico 0.3\/1.0 KWH<\/p>\n<p><strong>KG: <\/strong>93 KG<\/p>\n<p><strong>HP: <\/strong>1\/5 hp<\/p>\n","protected":false},"excerpt":{"rendered":"<p>Modelo FTG150 Estructura pre-pintada externamente. Programaci\u00f3n en modo descongelamiento y modo con fermentaci\u00f3n con humedad directa. Generador de humedad tipo caldera sin control de humedad. Con temporizador electr\u00f3nico Con sensor de temperatura y pantalla de cristal l\u00edquido Sensor de nivel de agua. Fermentaci\u00f3n con humedad directa. Generador de humedad tipo caldera sin control de humedad. [&hellip;]<\/p>\n","protected":false},"featured_media":1445,"comment_status":"open","ping_status":"closed","template":"","meta":[],"product_cat":[31],"product_tag":[],"class_list":{"0":"post-1443","1":"product","2":"type-product","3":"status-publish","4":"has-post-thumbnail","6":"product_cat-fermentadoras","8":"first","9":"instock","10":"shipping-taxable","11":"product-type-simple"},"_links":{"self":[{"href":"https:\/\/manospanaderas.com\/index.php\/wp-json\/wp\/v2\/product\/1443"}],"collection":[{"href":"https:\/\/manospanaderas.com\/index.php\/wp-json\/wp\/v2\/product"}],"about":[{"href":"https:\/\/manospanaderas.com\/index.php\/wp-json\/wp\/v2\/types\/product"}],"replies":[{"embeddable":true,"href":"https:\/\/manospanaderas.com\/index.php\/wp-json\/wp\/v2\/comments?post=1443"}],"wp:featuredmedia":[{"embeddable":true,"href":"https:\/\/manospanaderas.com\/index.php\/wp-json\/wp\/v2\/media\/1445"}],"wp:attachment":[{"href":"https:\/\/manospanaderas.com\/index.php\/wp-json\/wp\/v2\/media?parent=1443"}],"wp:term":[{"taxonomy":"product_cat","embeddable":true,"href":"https:\/\/manospanaderas.com\/index.php\/wp-json\/wp\/v2\/product_cat?post=1443"},{"taxonomy":"product_tag","embeddable":true,"href":"https:\/\/manospanaderas.com\/index.php\/wp-json\/wp\/v2\/product_tag?post=1443"}],"curies":[{"name":"wp","href":"https:\/\/api.w.org\/{rel}","templated":true}]}}