{"id":1836,"date":"2025-02-12T15:57:46","date_gmt":"2025-02-12T15:57:46","guid":{"rendered":"https:\/\/manospanaderas.com\/?post_type=product&#038;p=1836"},"modified":"2025-02-12T15:57:46","modified_gmt":"2025-02-12T15:57:46","slug":"palomera-electrica-2","status":"publish","type":"product","link":"https:\/\/manospanaderas.com\/index.php\/product\/palomera-electrica-2\/","title":{"rendered":"palomera electrica"},"content":{"rendered":"<div>\n<p>FABRICADORA DE PALOMITAS EL\u00c9CTRICA DE 8 ONZAS (250 G). GABINETE EN L\u00c1MINA ESMALTADA Y PISO INTERIOR EN ACERO INOXIDABLE, OLLA DE ACERO INOXIDABLE CON TEFL\u00d3N. CAPACIDAD DE 8 ONZAS. POTENCIA DE 1.5 KW A 120 V \/ 60 HZ. LUZ INTERIOR PARA ILUMINACI\u00d3N. RESISTENCIA INFERIOR PARA MANTENER CALIENTES LAS PALOMITAS. MEDIDAS: 52 X 40 X 67 CM<\/p>\n<\/div>\n","protected":false},"excerpt":{"rendered":"<p>modelo pc-01<\/p>\n","protected":false},"featured_media":1837,"comment_status":"open","ping_status":"closed","template":"","meta":[],"product_cat":[55],"product_tag":[],"class_list":{"0":"post-1836","1":"product","2":"type-product","3":"status-publish","4":"has-post-thumbnail","6":"product_cat-palomeras","8":"first","9":"instock","10":"shipping-taxable","11":"product-type-simple"},"_links":{"self":[{"href":"https:\/\/manospanaderas.com\/index.php\/wp-json\/wp\/v2\/product\/1836"}],"collection":[{"href":"https:\/\/manospanaderas.com\/index.php\/wp-json\/wp\/v2\/product"}],"about":[{"href":"https:\/\/manospanaderas.com\/index.php\/wp-json\/wp\/v2\/types\/product"}],"replies":[{"embeddable":true,"href":"https:\/\/manospanaderas.com\/index.php\/wp-json\/wp\/v2\/comments?post=1836"}],"wp:featuredmedia":[{"embeddable":true,"href":"https:\/\/manospanaderas.com\/index.php\/wp-json\/wp\/v2\/media\/1837"}],"wp:attachment":[{"href":"https:\/\/manospanaderas.com\/index.php\/wp-json\/wp\/v2\/media?parent=1836"}],"wp:term":[{"taxonomy":"product_cat","embeddable":true,"href":"https:\/\/manospanaderas.com\/index.php\/wp-json\/wp\/v2\/product_cat?post=1836"},{"taxonomy":"product_tag","embeddable":true,"href":"https:\/\/manospanaderas.com\/index.php\/wp-json\/wp\/v2\/product_tag?post=1836"}],"curies":[{"name":"wp","href":"https:\/\/api.w.org\/{rel}","templated":true}]}}