{"id":1845,"date":"2025-02-12T16:05:56","date_gmt":"2025-02-12T16:05:56","guid":{"rendered":"https:\/\/manospanaderas.com\/?post_type=product&#038;p=1845"},"modified":"2025-02-12T16:05:56","modified_gmt":"2025-02-12T16:05:56","slug":"cafetera-semiautomatica","status":"publish","type":"product","link":"https:\/\/manospanaderas.com\/index.php\/product\/cafetera-semiautomatica\/","title":{"rendered":"cafetera semiautomatica"},"content":{"rendered":"<div>\n<p>CAFETERA SEMIAUTOM\u00c1TICA DE EROGACI\u00d3N CONTINUA. CARROCERIA EN ACERO INOX AISI. BOMBEADOR VOLUM\u00c9TRICO INCORPORADO CON BY-PASS BALANCEADO. CALDERA CON CAPACIDAD DE 4 LT. AUTO NIVEL ELECTR\u00d3NICO DE SERIE. MANDO EROGACI\u00d3N CAF\u00c9 CON PULSANTE. SALIDA AGUA CALIENTE CON MANDO MEDIANTE PULSANTE. TERM\u00d3STATO DE SEGURIDAD PARTE EL\u00c9CTRICA. POTENCIA DE 1200 W \/ 127 V. PESO 47 KG. CAPACIDAD EN TAZAS POR HORA: 50-70. MEDIDAS EXTERIORES: 42 X 54 X 50 CM.<\/p>\n<\/div>\n","protected":false},"excerpt":{"rendered":"<p>modelo stilo ms60<\/p>\n","protected":false},"featured_media":1846,"comment_status":"open","ping_status":"closed","template":"","meta":[],"product_cat":[56],"product_tag":[],"class_list":{"0":"post-1845","1":"product","2":"type-product","3":"status-publish","4":"has-post-thumbnail","6":"product_cat-cafeteras","8":"first","9":"instock","10":"shipping-taxable","11":"product-type-simple"},"_links":{"self":[{"href":"https:\/\/manospanaderas.com\/index.php\/wp-json\/wp\/v2\/product\/1845"}],"collection":[{"href":"https:\/\/manospanaderas.com\/index.php\/wp-json\/wp\/v2\/product"}],"about":[{"href":"https:\/\/manospanaderas.com\/index.php\/wp-json\/wp\/v2\/types\/product"}],"replies":[{"embeddable":true,"href":"https:\/\/manospanaderas.com\/index.php\/wp-json\/wp\/v2\/comments?post=1845"}],"wp:featuredmedia":[{"embeddable":true,"href":"https:\/\/manospanaderas.com\/index.php\/wp-json\/wp\/v2\/media\/1846"}],"wp:attachment":[{"href":"https:\/\/manospanaderas.com\/index.php\/wp-json\/wp\/v2\/media?parent=1845"}],"wp:term":[{"taxonomy":"product_cat","embeddable":true,"href":"https:\/\/manospanaderas.com\/index.php\/wp-json\/wp\/v2\/product_cat?post=1845"},{"taxonomy":"product_tag","embeddable":true,"href":"https:\/\/manospanaderas.com\/index.php\/wp-json\/wp\/v2\/product_tag?post=1845"}],"curies":[{"name":"wp","href":"https:\/\/api.w.org\/{rel}","templated":true}]}}