{"id":1849,"date":"2025-02-12T17:01:32","date_gmt":"2025-02-12T17:01:32","guid":{"rendered":"https:\/\/manospanaderas.com\/?post_type=product&#038;p=1849"},"modified":"2025-02-12T17:01:33","modified_gmt":"2025-02-12T17:01:33","slug":"cafetera-semiautomatica-2","status":"publish","type":"product","link":"https:\/\/manospanaderas.com\/index.php\/product\/cafetera-semiautomatica-2\/","title":{"rendered":"cafetera semiautomatica"},"content":{"rendered":"<div>\n<p>CAFETERA SEMIAUTOM\u00c1TICA DE EROGACI\u00d3N CONTINUA, CARROCER\u00cdA EN ACERO INOXIDABLE AISI, BOMBEADOR VOLUM\u00c9TRICO INCORPORADO CON BYPASS BALANCEADO, AUTO NIVEL ELECTR\u00d3NICO DE SERIE, MANDO EROGACI\u00d3N CAF\u00c9 CON PULSANTE, SALIDA AGUA CALIENTE CON MANDO MEDIANTE PULSANTE, DOS SALIDAS DE VAPOR INDEPENDIENTES A LA CALDERA LO CUAL NO AFECTA LA PRESI\u00d3N DE LA SALIDA DEL CAF\u00c9, TERM\u00d3STATO DE SEGURIDAD PARTE EL\u00c9CTRICA, VERSI\u00d3N REBAJADA PARA EL EMPLEO DE VASOS DE HASTA 135 MM. DE ALTURA, CAPACIDAD EN CALDERA: 11 LT, POTENCIA: 2400 W \u2013 110 V \u2013 24 AMP., PESO 68 KG. COLOR ROJO. ORIGEN: ITALIA. MEDIDAS: 795 X 535 X 500 MM.<\/p>\n<\/div>\n","protected":false},"excerpt":{"rendered":"<p>modelo stilo ms100<\/p>\n","protected":false},"featured_media":1850,"comment_status":"open","ping_status":"closed","template":"","meta":[],"product_cat":[56],"product_tag":[],"class_list":{"0":"post-1849","1":"product","2":"type-product","3":"status-publish","4":"has-post-thumbnail","6":"product_cat-cafeteras","8":"first","9":"instock","10":"shipping-taxable","11":"product-type-simple"},"_links":{"self":[{"href":"https:\/\/manospanaderas.com\/index.php\/wp-json\/wp\/v2\/product\/1849"}],"collection":[{"href":"https:\/\/manospanaderas.com\/index.php\/wp-json\/wp\/v2\/product"}],"about":[{"href":"https:\/\/manospanaderas.com\/index.php\/wp-json\/wp\/v2\/types\/product"}],"replies":[{"embeddable":true,"href":"https:\/\/manospanaderas.com\/index.php\/wp-json\/wp\/v2\/comments?post=1849"}],"wp:featuredmedia":[{"embeddable":true,"href":"https:\/\/manospanaderas.com\/index.php\/wp-json\/wp\/v2\/media\/1850"}],"wp:attachment":[{"href":"https:\/\/manospanaderas.com\/index.php\/wp-json\/wp\/v2\/media?parent=1849"}],"wp:term":[{"taxonomy":"product_cat","embeddable":true,"href":"https:\/\/manospanaderas.com\/index.php\/wp-json\/wp\/v2\/product_cat?post=1849"},{"taxonomy":"product_tag","embeddable":true,"href":"https:\/\/manospanaderas.com\/index.php\/wp-json\/wp\/v2\/product_tag?post=1849"}],"curies":[{"name":"wp","href":"https:\/\/api.w.org\/{rel}","templated":true}]}}