{"id":1865,"date":"2025-02-12T17:18:37","date_gmt":"2025-02-12T17:18:37","guid":{"rendered":"https:\/\/manospanaderas.com\/?post_type=product&#038;p=1865"},"modified":"2025-02-12T17:18:37","modified_gmt":"2025-02-12T17:18:37","slug":"wafflera-belga-doble","status":"publish","type":"product","link":"https:\/\/manospanaderas.com\/index.php\/product\/wafflera-belga-doble\/","title":{"rendered":"Wafflera belga doble"},"content":{"rendered":"<div>\n<p>EL\u00c9CTRICA 120 V EN ACERO FABRICADA EN ACERO INOXIDABLE, PLATOS EN FUNDICI\u00d3N DE ALUMINIO CON TEFL\u00d3N, CON 6 PIEZAS, POTENCIA 1,600 W A 110 V \/ 60 HZ, TEMPERATURA 50 A 300 \u00b0C CON TERMOSTATO, RELOJ DE 5 MIN Y FOCO PILOTO INDICADOR, PESO NETO DE 9.5 KG. MEDIDAS: 33.5 X 30 X 25 CM TEFL\u00d3N, CON TERMOSTATOS, POTENCIA 1,200 V, TEMPERATURA 50 A 300 \u00b0C, RELOJ DE 5 MIN. MEDIDAS: 25.5 X 35 X 25 CM<\/p>\n<\/div>\n","protected":false},"excerpt":{"rendered":"<p>modelo uwbx-2<\/p>\n","protected":false},"featured_media":1866,"comment_status":"open","ping_status":"closed","template":"","meta":[],"product_cat":[57],"product_tag":[],"class_list":{"0":"post-1865","1":"product","2":"type-product","3":"status-publish","4":"has-post-thumbnail","6":"product_cat-wafflera","8":"first","9":"instock","10":"shipping-taxable","11":"product-type-simple"},"_links":{"self":[{"href":"https:\/\/manospanaderas.com\/index.php\/wp-json\/wp\/v2\/product\/1865"}],"collection":[{"href":"https:\/\/manospanaderas.com\/index.php\/wp-json\/wp\/v2\/product"}],"about":[{"href":"https:\/\/manospanaderas.com\/index.php\/wp-json\/wp\/v2\/types\/product"}],"replies":[{"embeddable":true,"href":"https:\/\/manospanaderas.com\/index.php\/wp-json\/wp\/v2\/comments?post=1865"}],"wp:featuredmedia":[{"embeddable":true,"href":"https:\/\/manospanaderas.com\/index.php\/wp-json\/wp\/v2\/media\/1866"}],"wp:attachment":[{"href":"https:\/\/manospanaderas.com\/index.php\/wp-json\/wp\/v2\/media?parent=1865"}],"wp:term":[{"taxonomy":"product_cat","embeddable":true,"href":"https:\/\/manospanaderas.com\/index.php\/wp-json\/wp\/v2\/product_cat?post=1865"},{"taxonomy":"product_tag","embeddable":true,"href":"https:\/\/manospanaderas.com\/index.php\/wp-json\/wp\/v2\/product_tag?post=1865"}],"curies":[{"name":"wp","href":"https:\/\/api.w.org\/{rel}","templated":true}]}}