{"id":1909,"date":"2025-02-12T18:57:44","date_gmt":"2025-02-12T18:57:44","guid":{"rendered":"https:\/\/manospanaderas.com\/?post_type=product&#038;p=1909"},"modified":"2025-02-12T18:57:44","modified_gmt":"2025-02-12T18:57:44","slug":"crepera-doble-a-gas","status":"publish","type":"product","link":"https:\/\/manospanaderas.com\/index.php\/product\/crepera-doble-a-gas\/","title":{"rendered":"Crepera doble a gas"},"content":{"rendered":"<div>\n<p>FABRICADA EN ACERO INOXIDABLE, 2 PLATOS DE FUNDICI\u00d3N DE ALUMINIO CON TEFL\u00d3N DE 40 CM DE DI\u00c1METRO. CON ENCENDIDO ELECTR\u00d3NICO. MEDIDAS: 86 X 46 X 23 CM<\/p>\n<\/div>\n","protected":false},"excerpt":{"rendered":"<p>Modelo gm-2<\/p>\n","protected":false},"featured_media":1910,"comment_status":"open","ping_status":"closed","template":"","meta":[],"product_cat":[62],"product_tag":[],"class_list":{"0":"post-1909","1":"product","2":"type-product","3":"status-publish","4":"has-post-thumbnail","6":"product_cat-crepera","8":"first","9":"instock","10":"shipping-taxable","11":"product-type-simple"},"_links":{"self":[{"href":"https:\/\/manospanaderas.com\/index.php\/wp-json\/wp\/v2\/product\/1909"}],"collection":[{"href":"https:\/\/manospanaderas.com\/index.php\/wp-json\/wp\/v2\/product"}],"about":[{"href":"https:\/\/manospanaderas.com\/index.php\/wp-json\/wp\/v2\/types\/product"}],"replies":[{"embeddable":true,"href":"https:\/\/manospanaderas.com\/index.php\/wp-json\/wp\/v2\/comments?post=1909"}],"wp:featuredmedia":[{"embeddable":true,"href":"https:\/\/manospanaderas.com\/index.php\/wp-json\/wp\/v2\/media\/1910"}],"wp:attachment":[{"href":"https:\/\/manospanaderas.com\/index.php\/wp-json\/wp\/v2\/media?parent=1909"}],"wp:term":[{"taxonomy":"product_cat","embeddable":true,"href":"https:\/\/manospanaderas.com\/index.php\/wp-json\/wp\/v2\/product_cat?post=1909"},{"taxonomy":"product_tag","embeddable":true,"href":"https:\/\/manospanaderas.com\/index.php\/wp-json\/wp\/v2\/product_tag?post=1909"}],"curies":[{"name":"wp","href":"https:\/\/api.w.org\/{rel}","templated":true}]}}