{"id":1913,"date":"2025-02-12T19:02:58","date_gmt":"2025-02-12T19:02:58","guid":{"rendered":"https:\/\/manospanaderas.com\/?post_type=product&#038;p=1913"},"modified":"2025-02-12T19:02:58","modified_gmt":"2025-02-12T19:02:58","slug":"crepera-circular-a-gas-40-cm","status":"publish","type":"product","link":"https:\/\/manospanaderas.com\/index.php\/product\/crepera-circular-a-gas-40-cm\/","title":{"rendered":"Crepera circular a gas de 40 cm"},"content":{"rendered":"<div>\n<p>CUERPO FABRICADO EN ACERO INOXIDABLE, PLATO DE FUNDICI\u00d3N DE ALUMINIO CON TEFL\u00d3N DE 40 CM DE DI\u00c1METRO. CON ENCENDIDO ELECTR\u00d3NICO. PARA TRABAJAR A GAS LP. PERILLA PARA AJUSTE DE TEMPERATURA. PESO NETO 20 KG. MEDIDAS: 40 X 20 CM<\/p>\n<\/div>\n","protected":false},"excerpt":{"rendered":"<p>Modelo GM-1<\/p>\n","protected":false},"featured_media":1914,"comment_status":"open","ping_status":"closed","template":"","meta":[],"product_cat":[62],"product_tag":[],"class_list":{"0":"post-1913","1":"product","2":"type-product","3":"status-publish","4":"has-post-thumbnail","6":"product_cat-crepera","8":"first","9":"instock","10":"shipping-taxable","11":"product-type-simple"},"_links":{"self":[{"href":"https:\/\/manospanaderas.com\/index.php\/wp-json\/wp\/v2\/product\/1913"}],"collection":[{"href":"https:\/\/manospanaderas.com\/index.php\/wp-json\/wp\/v2\/product"}],"about":[{"href":"https:\/\/manospanaderas.com\/index.php\/wp-json\/wp\/v2\/types\/product"}],"replies":[{"embeddable":true,"href":"https:\/\/manospanaderas.com\/index.php\/wp-json\/wp\/v2\/comments?post=1913"}],"wp:featuredmedia":[{"embeddable":true,"href":"https:\/\/manospanaderas.com\/index.php\/wp-json\/wp\/v2\/media\/1914"}],"wp:attachment":[{"href":"https:\/\/manospanaderas.com\/index.php\/wp-json\/wp\/v2\/media?parent=1913"}],"wp:term":[{"taxonomy":"product_cat","embeddable":true,"href":"https:\/\/manospanaderas.com\/index.php\/wp-json\/wp\/v2\/product_cat?post=1913"},{"taxonomy":"product_tag","embeddable":true,"href":"https:\/\/manospanaderas.com\/index.php\/wp-json\/wp\/v2\/product_tag?post=1913"}],"curies":[{"name":"wp","href":"https:\/\/api.w.org\/{rel}","templated":true}]}}