{"id":1930,"date":"2025-02-12T22:09:36","date_gmt":"2025-02-12T22:09:36","guid":{"rendered":"https:\/\/manospanaderas.com\/?post_type=product&#038;p=1930"},"modified":"2025-02-12T22:09:36","modified_gmt":"2025-02-12T22:09:36","slug":"refrigerador-vertical-47-pies-cubicos","status":"publish","type":"product","link":"https:\/\/manospanaderas.com\/index.php\/product\/refrigerador-vertical-47-pies-cubicos\/","title":{"rendered":"Refrigerador vertical en A.I. de 47 pies cubicos"},"content":{"rendered":"<div>\n<p>FABRICADO EN ACERO INOXIDABLE INTERIOR Y EXTERIOR CON CAPACIDAD DE 1350 LITROS (47 FT\u00b3) PARA TRABAJAR EN UNA TEMPERATURA AMBIENTE HASTA DE 43\u00b0C. TEMPERATURA AJUSTABLE DE 0 A 10\u00b0C. CON CONTROL DE TEMPERATURA DIGITAL. COMPRESOR AUTOCONTENIDO EN LA PARTE INFERIOR PARA MEJOR DESEMPE\u00d1O. DOS PUERTAS S\u00d3LIDAS ABATIBLES CON SISTEMA DE BARRA DE TORSI\u00d3N PARA SU CIERRE. 8 PARRILLAS INTERIORES. DESHIELO AUTOM\u00c1TICO. COMPRESOR EMBRACO \/SECOP CON REFRIGERANTE R290 PARA TRABAJAR A 110 V \/ 60 HZ. MEDIDAS: 137 X 82.5 X 209.5 CM<\/p>\n<\/div>\n","protected":false},"excerpt":{"rendered":"<p>Modelo UR-54C-2<\/p>\n","protected":false},"featured_media":1931,"comment_status":"open","ping_status":"closed","template":"","meta":[],"product_cat":[30],"product_tag":[],"class_list":{"0":"post-1930","1":"product","2":"type-product","3":"status-publish","4":"has-post-thumbnail","6":"product_cat-refrigeradores","8":"first","9":"instock","10":"shipping-taxable","11":"product-type-simple"},"_links":{"self":[{"href":"https:\/\/manospanaderas.com\/index.php\/wp-json\/wp\/v2\/product\/1930"}],"collection":[{"href":"https:\/\/manospanaderas.com\/index.php\/wp-json\/wp\/v2\/product"}],"about":[{"href":"https:\/\/manospanaderas.com\/index.php\/wp-json\/wp\/v2\/types\/product"}],"replies":[{"embeddable":true,"href":"https:\/\/manospanaderas.com\/index.php\/wp-json\/wp\/v2\/comments?post=1930"}],"wp:featuredmedia":[{"embeddable":true,"href":"https:\/\/manospanaderas.com\/index.php\/wp-json\/wp\/v2\/media\/1931"}],"wp:attachment":[{"href":"https:\/\/manospanaderas.com\/index.php\/wp-json\/wp\/v2\/media?parent=1930"}],"wp:term":[{"taxonomy":"product_cat","embeddable":true,"href":"https:\/\/manospanaderas.com\/index.php\/wp-json\/wp\/v2\/product_cat?post=1930"},{"taxonomy":"product_tag","embeddable":true,"href":"https:\/\/manospanaderas.com\/index.php\/wp-json\/wp\/v2\/product_tag?post=1930"}],"curies":[{"name":"wp","href":"https:\/\/api.w.org\/{rel}","templated":true}]}}