{"id":445,"date":"2024-03-16T18:54:35","date_gmt":"2024-03-16T18:54:35","guid":{"rendered":"https:\/\/manospanaderas.com\/?post_type=product&#038;p=445"},"modified":"2024-06-19T18:55:08","modified_gmt":"2024-06-19T18:55:08","slug":"horno-6-charolas","status":"publish","type":"product","link":"https:\/\/manospanaderas.com\/index.php\/product\/horno-6-charolas\/","title":{"rendered":"Horno 5 charolas G Paniz"},"content":{"rendered":"<p><span style=\"font-weight: 400;\">La combinaci\u00f3n perfecta entre tecnolog\u00eda, dise\u00f1o, versatilidad y eficiencia<\/span><\/p>\n<p>&nbsp;<\/p>\n<ul>\n<li><span style=\"font-weight: 400;\">Para 5 bandejas de medida 66X46<\/span><\/li>\n<li><span style=\"font-weight: 400;\">Panel de control digital \u00f3 LCD que permite almacenar recetas con diferentes fases de horneo<\/span><\/li>\n<li><span style=\"font-weight: 400;\">Turbina con doble sentido de giro para una cocci\u00f3n perfecta<\/span><\/li>\n<li><span style=\"font-weight: 400;\">Inyecci\u00f3n de vapor y damper manual para controlar humedad y presi\u00f3n dentro de la c\u00e1mara de cocci\u00f3n<\/span><\/li>\n<li><span style=\"font-weight: 400;\">Dise\u00f1o panor\u00e1mico de puerta que brinda una visi\u00f3n completa de nuestra \u00e1rea de horneo<\/span><\/li>\n<li><span style=\"font-weight: 400;\">Aislamiento mediante fibra mineral y doble chapa met\u00e1lica<\/span><\/li>\n<li><span style=\"font-weight: 400;\">Universo grande de aplicaciones gastron\u00f3micas<\/span><\/li>\n<li><span style=\"font-weight: 400;\">Ideal para cocinas profesionales exigentes<\/span><\/li>\n<\/ul>\n","protected":false},"excerpt":{"rendered":"<p>Horno para 5 charolas<\/p>\n","protected":false},"featured_media":1069,"comment_status":"open","ping_status":"closed","template":"","meta":[],"product_cat":[24],"product_tag":[],"class_list":{"0":"post-445","1":"product","2":"type-product","3":"status-publish","4":"has-post-thumbnail","6":"product_cat-hornos","8":"first","9":"instock","10":"shipping-taxable","11":"product-type-simple"},"_links":{"self":[{"href":"https:\/\/manospanaderas.com\/index.php\/wp-json\/wp\/v2\/product\/445"}],"collection":[{"href":"https:\/\/manospanaderas.com\/index.php\/wp-json\/wp\/v2\/product"}],"about":[{"href":"https:\/\/manospanaderas.com\/index.php\/wp-json\/wp\/v2\/types\/product"}],"replies":[{"embeddable":true,"href":"https:\/\/manospanaderas.com\/index.php\/wp-json\/wp\/v2\/comments?post=445"}],"wp:featuredmedia":[{"embeddable":true,"href":"https:\/\/manospanaderas.com\/index.php\/wp-json\/wp\/v2\/media\/1069"}],"wp:attachment":[{"href":"https:\/\/manospanaderas.com\/index.php\/wp-json\/wp\/v2\/media?parent=445"}],"wp:term":[{"taxonomy":"product_cat","embeddable":true,"href":"https:\/\/manospanaderas.com\/index.php\/wp-json\/wp\/v2\/product_cat?post=445"},{"taxonomy":"product_tag","embeddable":true,"href":"https:\/\/manospanaderas.com\/index.php\/wp-json\/wp\/v2\/product_tag?post=445"}],"curies":[{"name":"wp","href":"https:\/\/api.w.org\/{rel}","templated":true}]}}