{"id":448,"date":"2024-03-16T19:06:18","date_gmt":"2024-03-16T19:06:18","guid":{"rendered":"https:\/\/manospanaderas.com\/?post_type=product&#038;p=448"},"modified":"2024-06-01T18:07:29","modified_gmt":"2024-06-01T18:07:29","slug":"horno-10-charolas-2","status":"publish","type":"product","link":"https:\/\/manospanaderas.com\/index.php\/product\/horno-10-charolas-2\/","title":{"rendered":"Horno 10 charolas- INOXFORNI"},"content":{"rendered":"<p><b>Voltaje Disponible 110V y 220V Bif\u00e1sico<\/b><\/p>\n<ul>\n<li><span style=\"font-weight: 400;\">Horno rotativo de convecci\u00f3n INOXFORNI modelo PEREGRINO P-10<\/span><\/li>\n<li><span style=\"font-weight: 400;\">fabricaci\u00f3n nacional capacidad para albergar 10 bandejas de 46 x 66 cms; <\/span><\/li>\n<li><span style=\"font-weight: 400;\">Fabricado en acero inoxidable <\/span><\/li>\n<li><span style=\"font-weight: 400;\">Calentamiento a gas con intercambiador de calor de acero AISI 304 q<\/span><span style=\"font-weight: 400;\">ue no mezcla los gases de combusti\u00f3n con el aire de cocci\u00f3n. <\/span><\/li>\n<li><span style=\"font-weight: 400;\">Dimensiones: 215 cms de alto x 100 cms de ancho x 144 cms de profundidad; espacio entre bandejas de 9 cms de alto. <\/span><\/li>\n<li><span style=\"font-weight: 400;\">Puerta con doble cristal de vidrio templado. <\/span><\/li>\n<li><span style=\"font-weight: 400;\">V\u00e1lvula manual de fuga de vapor (damper).<\/span><\/li>\n<li><span style=\"font-weight: 400;\">Grupo de rotaci\u00f3n est\u00e1ndar con gancho superior que soporta hasta 100 kg. <\/span><\/li>\n<li><span style=\"font-weight: 400;\">Iluminaci\u00f3n c\u00e1mara de cocci\u00f3n con dos l\u00e1mparas hal\u00f3genas. <\/span><\/li>\n<li><span style=\"font-weight: 400;\">Especificaci\u00f3n el\u00e9ctrica 220\/60\/1. <\/span><\/li>\n<li><span style=\"font-weight: 400;\">Generaci\u00f3n de vapor mediante inyecci\u00f3n directa.<\/span><\/li>\n<li><span style=\"font-weight: 400;\"> Incluye 2 coche porta bandejas, capacidad para 10 bandejas. <\/span><\/li>\n<li><span style=\"font-weight: 400;\">Potencia el\u00e9ctrica 1.364 W. <\/span><\/li>\n<li><span style=\"font-weight: 400;\">Consumo de gas 1.5 kg\/h.<\/span><\/li>\n<\/ul>\n","protected":false},"excerpt":{"rendered":"<p>Voltaje Disponible 110V y 220V Bif\u00e1sico Horno rotativo de convecci\u00f3n INOXFORNI modelo PEREGRINO P-10 fabricaci\u00f3n nacional capacidad para albergar 10 bandejas de 46 x 66 cms; Fabricado en acero inoxidable Calentamiento a gas con intercambiador de calor de acero AISI 304 que no mezcla los gases de combusti\u00f3n con el aire de cocci\u00f3n. Dimensiones: 215 [&hellip;]<\/p>\n","protected":false},"featured_media":1067,"comment_status":"open","ping_status":"closed","template":"","meta":[],"product_cat":[24],"product_tag":[],"class_list":{"0":"post-448","1":"product","2":"type-product","3":"status-publish","4":"has-post-thumbnail","6":"product_cat-hornos","8":"first","9":"instock","10":"shipping-taxable","11":"product-type-simple"},"_links":{"self":[{"href":"https:\/\/manospanaderas.com\/index.php\/wp-json\/wp\/v2\/product\/448"}],"collection":[{"href":"https:\/\/manospanaderas.com\/index.php\/wp-json\/wp\/v2\/product"}],"about":[{"href":"https:\/\/manospanaderas.com\/index.php\/wp-json\/wp\/v2\/types\/product"}],"replies":[{"embeddable":true,"href":"https:\/\/manospanaderas.com\/index.php\/wp-json\/wp\/v2\/comments?post=448"}],"wp:featuredmedia":[{"embeddable":true,"href":"https:\/\/manospanaderas.com\/index.php\/wp-json\/wp\/v2\/media\/1067"}],"wp:attachment":[{"href":"https:\/\/manospanaderas.com\/index.php\/wp-json\/wp\/v2\/media?parent=448"}],"wp:term":[{"taxonomy":"product_cat","embeddable":true,"href":"https:\/\/manospanaderas.com\/index.php\/wp-json\/wp\/v2\/product_cat?post=448"},{"taxonomy":"product_tag","embeddable":true,"href":"https:\/\/manospanaderas.com\/index.php\/wp-json\/wp\/v2\/product_tag?post=448"}],"curies":[{"name":"wp","href":"https:\/\/api.w.org\/{rel}","templated":true}]}}