{"id":450,"date":"2024-03-16T19:07:54","date_gmt":"2024-03-16T19:07:54","guid":{"rendered":"https:\/\/manospanaderas.com\/?post_type=product&#038;p=450"},"modified":"2024-06-19T18:46:49","modified_gmt":"2024-06-19T18:46:49","slug":"horno-18-charolas","status":"publish","type":"product","link":"https:\/\/manospanaderas.com\/index.php\/product\/horno-18-charolas\/","title":{"rendered":"Horno 18 INOXFORNI"},"content":{"rendered":"<ul>\n<li><b>Voltaje 220V Bif\u00e1sico<\/b><\/li>\n<li><span style=\"font-weight: 400;\">Carro giratorio con gancho superior<\/span><\/li>\n<li><span style=\"font-weight: 400;\">Giro de carro mediante un sistema de transmisi\u00f3n por cadena y embrague<\/span><\/li>\n<li><span style=\"font-weight: 400;\">Equipado con un quemador de tiro forzado italiano de \u00faltima generaci\u00f3n<\/span><\/li>\n<li><span style=\"font-weight: 400;\">Funcionamiento a di\u00e9sel o gas<\/span><\/li>\n<li><span style=\"font-weight: 400;\">Extractor de vapor<\/span><\/li>\n<li><span style=\"font-weight: 400;\">Con Smart 7 pulgadas<\/span><\/li>\n<li><span style=\"font-weight: 400;\">Espacio entre bandejas de 8 cm<\/span><\/li>\n<li><span style=\"font-weight: 400;\">Flujo de aire laminar que permite hornear productos muy delicados<\/span><\/li>\n<li><span style=\"font-weight: 400;\">Puerta panor\u00e1mica de gran visi\u00f3n interna con doble cristal templado, desmontable para f\u00e1cil limpieza<\/span><\/li>\n<li><span style=\"font-weight: 400;\">Altamente eficiente<\/span><\/li>\n<\/ul>\n<p>&nbsp;<\/p>\n","protected":false},"excerpt":{"rendered":"<p>Horno para 18 charolas<\/p>\n","protected":false},"featured_media":1212,"comment_status":"open","ping_status":"closed","template":"","meta":[],"product_cat":[24],"product_tag":[],"class_list":{"0":"post-450","1":"product","2":"type-product","3":"status-publish","4":"has-post-thumbnail","6":"product_cat-hornos","8":"first","9":"instock","10":"shipping-taxable","11":"product-type-simple"},"_links":{"self":[{"href":"https:\/\/manospanaderas.com\/index.php\/wp-json\/wp\/v2\/product\/450"}],"collection":[{"href":"https:\/\/manospanaderas.com\/index.php\/wp-json\/wp\/v2\/product"}],"about":[{"href":"https:\/\/manospanaderas.com\/index.php\/wp-json\/wp\/v2\/types\/product"}],"replies":[{"embeddable":true,"href":"https:\/\/manospanaderas.com\/index.php\/wp-json\/wp\/v2\/comments?post=450"}],"wp:featuredmedia":[{"embeddable":true,"href":"https:\/\/manospanaderas.com\/index.php\/wp-json\/wp\/v2\/media\/1212"}],"wp:attachment":[{"href":"https:\/\/manospanaderas.com\/index.php\/wp-json\/wp\/v2\/media?parent=450"}],"wp:term":[{"taxonomy":"product_cat","embeddable":true,"href":"https:\/\/manospanaderas.com\/index.php\/wp-json\/wp\/v2\/product_cat?post=450"},{"taxonomy":"product_tag","embeddable":true,"href":"https:\/\/manospanaderas.com\/index.php\/wp-json\/wp\/v2\/product_tag?post=450"}],"curies":[{"name":"wp","href":"https:\/\/api.w.org\/{rel}","templated":true}]}}