{"id":787,"date":"2024-04-02T22:22:37","date_gmt":"2024-04-02T22:22:37","guid":{"rendered":"https:\/\/manospanaderas.com\/?post_type=product&#038;p=787"},"modified":"2024-07-05T17:06:00","modified_gmt":"2024-07-05T17:06:00","slug":"amasadora-rhino","status":"publish","type":"product","link":"https:\/\/manospanaderas.com\/index.php\/product\/amasadora-rhino\/","title":{"rendered":"Amasadora Rhino 50 LT"},"content":{"rendered":"<p>AER-50lt<\/p>\n<ul>\n<li>Medidas: 53 x 80 x 103 cm (Frente x ancho x alto)<\/li>\n<li>Di\u00e1metro taz\u00f3n 50 cm<\/li>\n<li>Construcci\u00f3n robusta<\/li>\n<li>Taz\u00f3n, espiral y rejilla fabricados en acero inoxidable<\/li>\n<li>Capacidad de taz\u00f3n: 50 litros<\/li>\n<li>Capacidad de amasado: 30 kg<\/li>\n<li>Voltaje: 220 V 60 Hz<\/li>\n<li>Potencia: 3,000 W<\/li>\n<li>Motor de 4 hp.<\/li>\n<li>Velocidad 220 RPM<\/li>\n<li>1 Velocidad<\/li>\n<li>Rotaci\u00f3n de espiral y taz\u00f3n para un buen amasado inclusive con poca masa<\/li>\n<li>Doble acci\u00f3n giratoria (mezclador y taz\u00f3n)<\/li>\n<li>Temporizador de 60 minutos para optimizaci\u00f3n de la producci\u00f3n<\/li>\n<li>Peso 120 kg<\/li>\n<\/ul>\n","protected":false},"excerpt":{"rendered":"<p>AER-50lt Medidas: 53 x 80 x 103 cm (Frente x ancho x alto) Di\u00e1metro taz\u00f3n 50 cm Construcci\u00f3n robusta Taz\u00f3n, espiral y rejilla fabricados en acero inoxidable Capacidad de taz\u00f3n: 50 litros Capacidad de amasado: 30 kg Voltaje: 220 V 60 Hz Potencia: 3,000 W Motor de 4 hp. Velocidad 220 RPM 1 Velocidad Rotaci\u00f3n [&hellip;]<\/p>\n","protected":false},"featured_media":788,"comment_status":"open","ping_status":"closed","template":"","meta":[],"product_cat":[25],"product_tag":[],"class_list":{"0":"post-787","1":"product","2":"type-product","3":"status-publish","4":"has-post-thumbnail","6":"product_cat-amazadora","8":"first","9":"instock","10":"shipping-taxable","11":"product-type-simple"},"_links":{"self":[{"href":"https:\/\/manospanaderas.com\/index.php\/wp-json\/wp\/v2\/product\/787"}],"collection":[{"href":"https:\/\/manospanaderas.com\/index.php\/wp-json\/wp\/v2\/product"}],"about":[{"href":"https:\/\/manospanaderas.com\/index.php\/wp-json\/wp\/v2\/types\/product"}],"replies":[{"embeddable":true,"href":"https:\/\/manospanaderas.com\/index.php\/wp-json\/wp\/v2\/comments?post=787"}],"wp:featuredmedia":[{"embeddable":true,"href":"https:\/\/manospanaderas.com\/index.php\/wp-json\/wp\/v2\/media\/788"}],"wp:attachment":[{"href":"https:\/\/manospanaderas.com\/index.php\/wp-json\/wp\/v2\/media?parent=787"}],"wp:term":[{"taxonomy":"product_cat","embeddable":true,"href":"https:\/\/manospanaderas.com\/index.php\/wp-json\/wp\/v2\/product_cat?post=787"},{"taxonomy":"product_tag","embeddable":true,"href":"https:\/\/manospanaderas.com\/index.php\/wp-json\/wp\/v2\/product_tag?post=787"}],"curies":[{"name":"wp","href":"https:\/\/api.w.org\/{rel}","templated":true}]}}