{"id":791,"date":"2024-04-02T22:27:57","date_gmt":"2024-04-02T22:27:57","guid":{"rendered":"https:\/\/manospanaderas.com\/?post_type=product&#038;p=791"},"modified":"2024-07-05T17:06:35","modified_gmt":"2024-07-05T17:06:35","slug":"amasadora-rhino-10-kg-de-masa","status":"publish","type":"product","link":"https:\/\/manospanaderas.com\/index.php\/product\/amasadora-rhino-10-kg-de-masa\/","title":{"rendered":"Amasadora Rhino 20 LT de masa"},"content":{"rendered":"<p>AER-20lt<\/p>\n<p>&nbsp;<\/p>\n<ul>\n<li>Medidas: 38.5 x 65 x 85 cm (Frente x ancho x alto)<\/li>\n<li>Di\u00e1metro taz\u00f3n 35 cm<\/li>\n<li>Construcci\u00f3n robusta<\/li>\n<li>Taz\u00f3n, espiral y rejilla fabricados en acero inoxidable<\/li>\n<li>Capacidad de taz\u00f3n: 20 litros<\/li>\n<li>Capacidad de amasado: 12 kg<\/li>\n<li>Voltaje: 127 V 60 Hz<\/li>\n<li>Monof\u00e1sica<\/li>\n<li>Potencia: 1,100 W<\/li>\n<li>Motor de 1.5 hp<\/li>\n<li>Rotaci\u00f3n de espiral y taz\u00f3n para un buen amasado inclusive con poca masa.<\/li>\n<li>Doble acci\u00f3n giratoria (mezclador y taz\u00f3n)<\/li>\n<li>Temporizador de 60 minutos para optimizaci\u00f3n de la producci\u00f3n<\/li>\n<li>Peso 85 kg<\/li>\n<\/ul>\n","protected":false},"excerpt":{"rendered":"<p>AER-20lt &nbsp; Medidas: 38.5 x 65 x 85 cm (Frente x ancho x alto) Di\u00e1metro taz\u00f3n 35 cm Construcci\u00f3n robusta Taz\u00f3n, espiral y rejilla fabricados en acero inoxidable Capacidad de taz\u00f3n: 20 litros Capacidad de amasado: 12 kg Voltaje: 127 V 60 Hz Monof\u00e1sica Potencia: 1,100 W Motor de 1.5 hp Rotaci\u00f3n de espiral y [&hellip;]<\/p>\n","protected":false},"featured_media":792,"comment_status":"open","ping_status":"closed","template":"","meta":[],"product_cat":[25],"product_tag":[],"class_list":{"0":"post-791","1":"product","2":"type-product","3":"status-publish","4":"has-post-thumbnail","6":"product_cat-amazadora","8":"first","9":"instock","10":"shipping-taxable","11":"product-type-simple"},"_links":{"self":[{"href":"https:\/\/manospanaderas.com\/index.php\/wp-json\/wp\/v2\/product\/791"}],"collection":[{"href":"https:\/\/manospanaderas.com\/index.php\/wp-json\/wp\/v2\/product"}],"about":[{"href":"https:\/\/manospanaderas.com\/index.php\/wp-json\/wp\/v2\/types\/product"}],"replies":[{"embeddable":true,"href":"https:\/\/manospanaderas.com\/index.php\/wp-json\/wp\/v2\/comments?post=791"}],"wp:featuredmedia":[{"embeddable":true,"href":"https:\/\/manospanaderas.com\/index.php\/wp-json\/wp\/v2\/media\/792"}],"wp:attachment":[{"href":"https:\/\/manospanaderas.com\/index.php\/wp-json\/wp\/v2\/media?parent=791"}],"wp:term":[{"taxonomy":"product_cat","embeddable":true,"href":"https:\/\/manospanaderas.com\/index.php\/wp-json\/wp\/v2\/product_cat?post=791"},{"taxonomy":"product_tag","embeddable":true,"href":"https:\/\/manospanaderas.com\/index.php\/wp-json\/wp\/v2\/product_tag?post=791"}],"curies":[{"name":"wp","href":"https:\/\/api.w.org\/{rel}","templated":true}]}}