{"id":795,"date":"2024-04-02T22:30:53","date_gmt":"2024-04-02T22:30:53","guid":{"rendered":"https:\/\/manospanaderas.com\/?post_type=product&#038;p=795"},"modified":"2024-07-05T18:05:22","modified_gmt":"2024-07-05T18:05:22","slug":"bolilladora-manos-panaderas","status":"publish","type":"product","link":"https:\/\/manospanaderas.com\/index.php\/product\/bolilladora-manos-panaderas\/","title":{"rendered":"Bolilladora Manos Panaderas"},"content":{"rendered":"<ul>\n<li><span style=\"font-weight: 400;\">CONSTRUCCI\u00d3N DE CHASIS ACERO AL CARBON, ROLADA EN CALIENTE SIN DECAPOR<\/span><\/li>\n<li><span style=\"font-weight: 400;\">\u00a0CONSTRUCCI\u00d3N DE TAPAS LATERALES ACERO INOXIDABLE TIPO 430<\/span><\/li>\n<li><span style=\"font-weight: 400;\">\u00a0CONSTRUCCI\u00d3N DE FORMADOR ACERO INOXIDABLE TIPO 304<\/span><\/li>\n<li><span style=\"font-weight: 400;\">\u00a0TRANSMISI\u00d3N CADENA PASO 35<\/span><\/li>\n<li><span style=\"font-weight: 400;\">POTENCIA DE MOTOR \u00bd H.P.<\/span><\/li>\n<li><span style=\"font-weight: 400;\">\u00a0VOLTAJE 127 VOLTS\u00a0<\/span><\/li>\n<li><span style=\"font-weight: 400;\">CAPACIDAD DE INTERRUPTOR 15 AMPERES<\/span><\/li>\n<li><span style=\"font-weight: 400;\">\u00a0RODILLOS DE TRANSMISI\u00d3N TUBO MEC\u00c1NICO EN ACERO CEDULA 40<\/span><\/li>\n<li><span style=\"font-weight: 400;\">\u00a0RODILLOS APLANADORES DE MASA TUBO C\u00c9DULA 40 CON RECUBRIMIENTO DE TEFL\u00d3N HIGI\u00c9NICO DE GRADO ALIMENTICIO DU PONT.<\/span><\/li>\n<li><span style=\"font-weight: 400;\">\u00a0BANDA TRANSPORTADORA 240 X 2000 2T5 SANITARIA SIN FIN DE GRADO ALIMENTICIO\u00a0<\/span><\/li>\n<li><span style=\"font-weight: 400;\">MALLA ENROLLADORA ACERO INOXIDABLE TIPO 304<\/span><\/li>\n<li><span style=\"font-weight: 400;\">\u00a0CABLE DE SUMINISTRO EL\u00c9CTRICO CALIBRE 14 USO RUDO<\/span><\/li>\n<li><span style=\"font-weight: 400;\">\u00a0CONSUMO ENERG\u00c9TICO 0,373 KW\u00a0<\/span><\/li>\n<li><span style=\"font-weight: 400;\">FRECUENCIA 60 HZ<\/span><\/li>\n<li><span style=\"font-weight: 400;\">\u00a0N\u00b0 DE HILOS 2<\/span><\/li>\n<li><span style=\"font-weight: 400;\">\u00a0PESO 57 KILOGRAMOS\u00a0<\/span><\/li>\n<li><span style=\"font-weight: 400;\">MEDIDA 45 X 45 X 117 CM\u00a0<\/span><\/li>\n<li><span style=\"font-weight: 400;\">GARANT\u00cdA 6 MESES<\/span><\/li>\n<li><span style=\"font-weight: 400;\">\u00a0N\u00b0 DE VELOCIDADES 1\u00a0<\/span><\/li>\n<li><span style=\"font-weight: 400;\">PIEZA POR HORA 3600\u00a0<\/span><\/li>\n<li><span style=\"font-weight: 400;\">PESO MINIMO PERMITIDO 40 GR.<\/span><\/li>\n<li><span style=\"font-weight: 400;\">\u00a0PESO M\u00c1XIMO PERMITIDO 250 GR.<\/span><\/li>\n<\/ul>\n","protected":false},"excerpt":{"rendered":"<p>CONSTRUCCI\u00d3N DE CHASIS ACERO AL CARBON, ROLADA EN CALIENTE SIN DECAPOR \u00a0CONSTRUCCI\u00d3N DE TAPAS LATERALES ACERO INOXIDABLE TIPO 430 \u00a0CONSTRUCCI\u00d3N DE FORMADOR ACERO INOXIDABLE TIPO 304 \u00a0TRANSMISI\u00d3N CADENA PASO 35 POTENCIA DE MOTOR \u00bd H.P. \u00a0VOLTAJE 127 VOLTS\u00a0 CAPACIDAD DE INTERRUPTOR 15 AMPERES \u00a0RODILLOS DE TRANSMISI\u00d3N TUBO MEC\u00c1NICO EN ACERO CEDULA 40 \u00a0RODILLOS APLANADORES DE [&hellip;]<\/p>\n","protected":false},"featured_media":1371,"comment_status":"open","ping_status":"closed","template":"","meta":[],"product_cat":[28],"product_tag":[],"class_list":{"0":"post-795","1":"product","2":"type-product","3":"status-publish","4":"has-post-thumbnail","6":"product_cat-bolilladora","8":"first","9":"instock","10":"shipping-taxable","11":"product-type-simple"},"_links":{"self":[{"href":"https:\/\/manospanaderas.com\/index.php\/wp-json\/wp\/v2\/product\/795"}],"collection":[{"href":"https:\/\/manospanaderas.com\/index.php\/wp-json\/wp\/v2\/product"}],"about":[{"href":"https:\/\/manospanaderas.com\/index.php\/wp-json\/wp\/v2\/types\/product"}],"replies":[{"embeddable":true,"href":"https:\/\/manospanaderas.com\/index.php\/wp-json\/wp\/v2\/comments?post=795"}],"wp:featuredmedia":[{"embeddable":true,"href":"https:\/\/manospanaderas.com\/index.php\/wp-json\/wp\/v2\/media\/1371"}],"wp:attachment":[{"href":"https:\/\/manospanaderas.com\/index.php\/wp-json\/wp\/v2\/media?parent=795"}],"wp:term":[{"taxonomy":"product_cat","embeddable":true,"href":"https:\/\/manospanaderas.com\/index.php\/wp-json\/wp\/v2\/product_cat?post=795"},{"taxonomy":"product_tag","embeddable":true,"href":"https:\/\/manospanaderas.com\/index.php\/wp-json\/wp\/v2\/product_tag?post=795"}],"curies":[{"name":"wp","href":"https:\/\/api.w.org\/{rel}","templated":true}]}}