{"id":927,"date":"2024-04-18T13:20:35","date_gmt":"2024-04-18T13:20:35","guid":{"rendered":"https:\/\/manospanaderas.com\/?post_type=product&#038;p=927"},"modified":"2024-05-29T16:52:32","modified_gmt":"2024-05-29T16:52:32","slug":"fermentadora-20-charolas","status":"publish","type":"product","link":"https:\/\/manospanaderas.com\/index.php\/product\/fermentadora-20-charolas\/","title":{"rendered":"Fermentadora 20 charolas"},"content":{"rendered":"<ul>\n<li><span style=\"font-weight: 400;\">Control: Electromec\u00e1nico de tiempo, temperatura y humedad<\/span><\/li>\n<li><span style=\"font-weight: 400;\">Medidas: 80 x 118 x 196 cm<\/span><\/li>\n<li><span style=\"font-weight: 400;\">Capacidad: 1 carro de 18-20 bandejas de 66\u00d746<\/span><\/li>\n<li><span style=\"font-weight: 400;\">Peso Neto : 113,5 kg<\/span><\/li>\n<li><span style=\"font-weight: 400;\">Tensi\u00f3n (consumo): <\/span><b>220 Volt<\/b><span style=\"font-weight: 400;\">, 60 Hz, 2 fases (22,7 Amp)<\/span><\/li>\n<li><span style=\"font-weight: 400;\">Potencia el\u00e9ctrica: 5 kW<\/span><\/li>\n<\/ul>\n","protected":false},"excerpt":{"rendered":"<p>Control: Electromec\u00e1nico de tiempo, temperatura y humedad Medidas: 80 x 118 x 196 cm Capacidad: 1 carro de 18-20 bandejas de 66\u00d746 Peso Neto : 113,5 kg Tensi\u00f3n (consumo): 220 Volt, 60 Hz, 2 fases (22,7 Amp) Potencia el\u00e9ctrica: 5 kW<\/p>\n","protected":false},"featured_media":921,"comment_status":"open","ping_status":"closed","template":"","meta":[],"product_cat":[31],"product_tag":[],"class_list":{"0":"post-927","1":"product","2":"type-product","3":"status-publish","4":"has-post-thumbnail","6":"product_cat-fermentadoras","8":"first","9":"instock","10":"shipping-taxable","11":"product-type-simple"},"_links":{"self":[{"href":"https:\/\/manospanaderas.com\/index.php\/wp-json\/wp\/v2\/product\/927"}],"collection":[{"href":"https:\/\/manospanaderas.com\/index.php\/wp-json\/wp\/v2\/product"}],"about":[{"href":"https:\/\/manospanaderas.com\/index.php\/wp-json\/wp\/v2\/types\/product"}],"replies":[{"embeddable":true,"href":"https:\/\/manospanaderas.com\/index.php\/wp-json\/wp\/v2\/comments?post=927"}],"wp:featuredmedia":[{"embeddable":true,"href":"https:\/\/manospanaderas.com\/index.php\/wp-json\/wp\/v2\/media\/921"}],"wp:attachment":[{"href":"https:\/\/manospanaderas.com\/index.php\/wp-json\/wp\/v2\/media?parent=927"}],"wp:term":[{"taxonomy":"product_cat","embeddable":true,"href":"https:\/\/manospanaderas.com\/index.php\/wp-json\/wp\/v2\/product_cat?post=927"},{"taxonomy":"product_tag","embeddable":true,"href":"https:\/\/manospanaderas.com\/index.php\/wp-json\/wp\/v2\/product_tag?post=927"}],"curies":[{"name":"wp","href":"https:\/\/api.w.org\/{rel}","templated":true}]}}