{"id":933,"date":"2024-04-18T13:28:26","date_gmt":"2024-04-18T13:28:26","guid":{"rendered":"https:\/\/manospanaderas.com\/?post_type=product&#038;p=933"},"modified":"2024-06-11T02:55:07","modified_gmt":"2024-06-11T02:55:07","slug":"batidora-rhino-40-litros","status":"publish","type":"product","link":"https:\/\/manospanaderas.com\/index.php\/product\/batidora-rhino-40-litros\/","title":{"rendered":"Batidora Rhino 40 litros"},"content":{"rendered":"<ul>\n<li>Medidas: 64 x 64 x 116 cm (Frente x alto x ancho)<\/li>\n<li>Taz\u00f3n de acero inoxidable<\/li>\n<li>Cubierta pl\u00e1stica<\/li>\n<li>Capacidad de taz\u00f3n 40 lt<\/li>\n<li>Capacidad de amasado 9 kg<\/li>\n<li>RPM 125\/ 204 \/ 580<\/li>\n<li>127 V 60 Hz<\/li>\n<li>Potencia 1,500 watts<\/li>\n<li>Motor 2 hp<\/li>\n<li>3 velocidades que permiten elegir distintos modos de trabajo:\n<ul>\n<li>V1 velocidad baja (gancho) ideal para amasar<\/li>\n<li>V2 velocidad media (paleta) ideal para mezclar<\/li>\n<li>V3 velocidad alta (globo) ideal para batir<\/li>\n<\/ul>\n<\/li>\n<li>Movimiento planetario: El giro de sus accesorios es sobre su propio eje y a su vez, realiza un movimiento completo rotatorio.<\/li>\n<li>Reja protectora &#8211; Incluye protecci\u00f3n para manejo del equipo y cubierta pl\u00e1stica para evitar derrames en el equipo<\/li>\n<li>F\u00e1cil limpieza<\/li>\n<li>Taz\u00f3n y accesorios desmontables<\/li>\n<li>Peso 170 kg<\/li>\n<\/ul>\n","protected":false},"excerpt":{"rendered":"<p>Medidas: 64 x 64 x 116 cm (Frente x alto x ancho) Taz\u00f3n de acero inoxidable Cubierta pl\u00e1stica Capacidad de taz\u00f3n 40 lt Capacidad de amasado 9 kg RPM 125\/ 204 \/ 580 127 V 60 Hz Potencia 1,500 watts Motor 2 hp 3 velocidades que permiten elegir distintos modos de trabajo: V1 velocidad baja [&hellip;]<\/p>\n","protected":false},"featured_media":1137,"comment_status":"open","ping_status":"closed","template":"","meta":[],"product_cat":[26],"product_tag":[],"class_list":{"0":"post-933","1":"product","2":"type-product","3":"status-publish","4":"has-post-thumbnail","6":"product_cat-batidora","8":"first","9":"instock","10":"shipping-taxable","11":"product-type-simple"},"_links":{"self":[{"href":"https:\/\/manospanaderas.com\/index.php\/wp-json\/wp\/v2\/product\/933"}],"collection":[{"href":"https:\/\/manospanaderas.com\/index.php\/wp-json\/wp\/v2\/product"}],"about":[{"href":"https:\/\/manospanaderas.com\/index.php\/wp-json\/wp\/v2\/types\/product"}],"replies":[{"embeddable":true,"href":"https:\/\/manospanaderas.com\/index.php\/wp-json\/wp\/v2\/comments?post=933"}],"wp:featuredmedia":[{"embeddable":true,"href":"https:\/\/manospanaderas.com\/index.php\/wp-json\/wp\/v2\/media\/1137"}],"wp:attachment":[{"href":"https:\/\/manospanaderas.com\/index.php\/wp-json\/wp\/v2\/media?parent=933"}],"wp:term":[{"taxonomy":"product_cat","embeddable":true,"href":"https:\/\/manospanaderas.com\/index.php\/wp-json\/wp\/v2\/product_cat?post=933"},{"taxonomy":"product_tag","embeddable":true,"href":"https:\/\/manospanaderas.com\/index.php\/wp-json\/wp\/v2\/product_tag?post=933"}],"curies":[{"name":"wp","href":"https:\/\/api.w.org\/{rel}","templated":true}]}}