{"id":934,"date":"2024-04-18T13:31:47","date_gmt":"2024-04-18T13:31:47","guid":{"rendered":"https:\/\/manospanaderas.com\/?post_type=product&#038;p=934"},"modified":"2024-06-01T17:15:32","modified_gmt":"2024-06-01T17:15:32","slug":"batidora-rhino-30-litros","status":"publish","type":"product","link":"https:\/\/manospanaderas.com\/index.php\/product\/batidora-rhino-30-litros\/","title":{"rendered":"Batidora Rhino 30 litros"},"content":{"rendered":"<ul>\n<li><span style=\"font-weight: 400;\">Marca: Rhino<\/span><\/li>\n<li><span style=\"font-weight: 400;\">Modelo: BATI-30<\/span><\/li>\n<li><span style=\"font-weight: 400;\">Capacidad de taz\u00f3n: 26.5 lt<\/span><\/li>\n<li><span style=\"font-weight: 400;\">Capacidad de amasado: 5.25 kg<\/span><\/li>\n<li><span style=\"font-weight: 400;\">Velocidades: 3<\/span><\/li>\n<li><span style=\"font-weight: 400;\">Su acci\u00f3n planetaria permite que el batidor gire sobre su propio eje y adem\u00e1s haga un recorrido circular continuo. Ideal en reposter\u00eda, panader\u00eda, elaboraci\u00f3n de masa para pizza y mucho m\u00e1s.<\/span><\/li>\n<li><span style=\"font-weight: 400;\">3 velocidades (mezcla, bate y amasa)<\/span><\/li>\n<li><span style=\"font-weight: 400;\">Taz\u00f3n de acero inoxidable<\/span><\/li>\n<li><span style=\"font-weight: 400;\">Reja protectora<\/span><\/li>\n<\/ul>\n","protected":false},"excerpt":{"rendered":"<p>Marca: Rhino Modelo: BATI-30 Capacidad de taz\u00f3n: 26.5 lt Capacidad de amasado: 5.25 kg Velocidades: 3 Su acci\u00f3n planetaria permite que el batidor gire sobre su propio eje y adem\u00e1s haga un recorrido circular continuo. Ideal en reposter\u00eda, panader\u00eda, elaboraci\u00f3n de masa para pizza y mucho m\u00e1s. 3 velocidades (mezcla, bate y amasa) Taz\u00f3n de [&hellip;]<\/p>\n","protected":false},"featured_media":1064,"comment_status":"open","ping_status":"closed","template":"","meta":[],"product_cat":[26],"product_tag":[],"class_list":{"0":"post-934","1":"product","2":"type-product","3":"status-publish","4":"has-post-thumbnail","6":"product_cat-batidora","8":"first","9":"instock","10":"shipping-taxable","11":"product-type-simple"},"_links":{"self":[{"href":"https:\/\/manospanaderas.com\/index.php\/wp-json\/wp\/v2\/product\/934"}],"collection":[{"href":"https:\/\/manospanaderas.com\/index.php\/wp-json\/wp\/v2\/product"}],"about":[{"href":"https:\/\/manospanaderas.com\/index.php\/wp-json\/wp\/v2\/types\/product"}],"replies":[{"embeddable":true,"href":"https:\/\/manospanaderas.com\/index.php\/wp-json\/wp\/v2\/comments?post=934"}],"wp:featuredmedia":[{"embeddable":true,"href":"https:\/\/manospanaderas.com\/index.php\/wp-json\/wp\/v2\/media\/1064"}],"wp:attachment":[{"href":"https:\/\/manospanaderas.com\/index.php\/wp-json\/wp\/v2\/media?parent=934"}],"wp:term":[{"taxonomy":"product_cat","embeddable":true,"href":"https:\/\/manospanaderas.com\/index.php\/wp-json\/wp\/v2\/product_cat?post=934"},{"taxonomy":"product_tag","embeddable":true,"href":"https:\/\/manospanaderas.com\/index.php\/wp-json\/wp\/v2\/product_tag?post=934"}],"curies":[{"name":"wp","href":"https:\/\/api.w.org\/{rel}","templated":true}]}}