{"id":935,"date":"2024-04-18T13:32:04","date_gmt":"2024-04-18T13:32:04","guid":{"rendered":"https:\/\/manospanaderas.com\/?post_type=product&#038;p=935"},"modified":"2024-06-01T17:12:32","modified_gmt":"2024-06-01T17:12:32","slug":"batidora-rhino-20-litros","status":"publish","type":"product","link":"https:\/\/manospanaderas.com\/index.php\/product\/batidora-rhino-20-litros\/","title":{"rendered":"Batidora Rhino 20 litros"},"content":{"rendered":"<ul>\n<li><span style=\"font-weight: 400;\">Velocidades &#8211; Cuenta con 3 velocidades que te permiten elegir distintos modos de trabajo: V1 velocidad baja (gancho) ideal para amasar, V2 velocidad media (paleta) ideal para mezclar y V3 velocidad alta (globo) ideal para batir.<\/span><\/li>\n<li><span style=\"font-weight: 400;\">Movimiento Planetario: El giro de los accesorios es sobre su propio eje y rotatorio.<\/span><\/li>\n<li><span style=\"font-weight: 400;\">Reja protectora &#8211; Incluye protecci\u00f3n para el manejo del equipo (BATI-20).<\/span><\/li>\n<li><span style=\"font-weight: 400;\">Palanca de Ajuste &#8211; Para ajustar la altura del taz\u00f3n BATI-20.<\/span><\/li>\n<li><span style=\"font-weight: 400;\">Cuentan con un a\u00f1o de garant\u00eda &#8211; Contra cualquier defecto de fabricaci\u00f3n.<\/span><\/li>\n<li><span style=\"font-weight: 400;\">Dise\u00f1o exclusivo, m\u00e1s ligero y f\u00e1cil de transportar VS Otras batidoras de mayor peso.<\/span><\/li>\n<li><span style=\"font-weight: 400;\">Incluye \u00e1rea de protecci\u00f3n VS Otras batidoras sin protecci\u00f3n.<\/span><\/li>\n<li><span style=\"font-weight: 400;\">Lista para trabajar con un mayor rango de voltaje VS Otras batidoras que s\u00f3lo trabajan a 127 V.<\/span><\/li>\n<\/ul>\n<p><span style=\"font-weight: 400;\">***Incluye accesorios en modelos:, BATI-20.<\/span><\/p>\n","protected":false},"excerpt":{"rendered":"<p>Velocidades &#8211; Cuenta con 3 velocidades que te permiten elegir distintos modos de trabajo: V1 velocidad baja (gancho) ideal para amasar, V2 velocidad media (paleta) ideal para mezclar y V3 velocidad alta (globo) ideal para batir. Movimiento Planetario: El giro de los accesorios es sobre su propio eje y rotatorio. Reja protectora &#8211; Incluye protecci\u00f3n [&hellip;]<\/p>\n","protected":false},"featured_media":1063,"comment_status":"open","ping_status":"closed","template":"","meta":[],"product_cat":[26],"product_tag":[],"class_list":{"0":"post-935","1":"product","2":"type-product","3":"status-publish","4":"has-post-thumbnail","6":"product_cat-batidora","8":"first","9":"instock","10":"shipping-taxable","11":"product-type-simple"},"_links":{"self":[{"href":"https:\/\/manospanaderas.com\/index.php\/wp-json\/wp\/v2\/product\/935"}],"collection":[{"href":"https:\/\/manospanaderas.com\/index.php\/wp-json\/wp\/v2\/product"}],"about":[{"href":"https:\/\/manospanaderas.com\/index.php\/wp-json\/wp\/v2\/types\/product"}],"replies":[{"embeddable":true,"href":"https:\/\/manospanaderas.com\/index.php\/wp-json\/wp\/v2\/comments?post=935"}],"wp:featuredmedia":[{"embeddable":true,"href":"https:\/\/manospanaderas.com\/index.php\/wp-json\/wp\/v2\/media\/1063"}],"wp:attachment":[{"href":"https:\/\/manospanaderas.com\/index.php\/wp-json\/wp\/v2\/media?parent=935"}],"wp:term":[{"taxonomy":"product_cat","embeddable":true,"href":"https:\/\/manospanaderas.com\/index.php\/wp-json\/wp\/v2\/product_cat?post=935"},{"taxonomy":"product_tag","embeddable":true,"href":"https:\/\/manospanaderas.com\/index.php\/wp-json\/wp\/v2\/product_tag?post=935"}],"curies":[{"name":"wp","href":"https:\/\/api.w.org\/{rel}","templated":true}]}}