{"id":936,"date":"2024-04-18T13:32:20","date_gmt":"2024-04-18T13:32:20","guid":{"rendered":"https:\/\/manospanaderas.com\/?post_type=product&#038;p=936"},"modified":"2024-06-01T17:07:29","modified_gmt":"2024-06-01T17:07:29","slug":"batidora-rhino-7-litros","status":"publish","type":"product","link":"https:\/\/manospanaderas.com\/index.php\/product\/batidora-rhino-7-litros\/","title":{"rendered":"Batidora Rhino 7 litros"},"content":{"rendered":"<p><span style=\"font-weight: 400;\">Para preparar pasteler\u00eda, bizcocher\u00eda y pan de masa ligera. Incluye accesorios para mezclar, batir y amasar.<\/span><\/p>\n<ul>\n<li><span style=\"font-weight: 400;\">10 velocidades<\/span><\/li>\n<li><span style=\"font-weight: 400;\">Taz\u00f3n de acero inoxidable<\/span><\/li>\n<li><span style=\"font-weight: 400;\">Cubierta pl\u00e1stica de protecci\u00f3n<\/span><\/li>\n<li><span style=\"font-weight: 400;\">Capacidad de taz\u00f3n: 7 litros<\/span><\/li>\n<li><span style=\"font-weight: 400;\">Capacidad de amasado: 0.6 kg<\/span><\/li>\n<li><span style=\"font-weight: 400;\">Velocidades: 10<\/span><\/li>\n<li><span style=\"font-weight: 400;\">Velocidad: 0 a 780 RPM<\/span><\/li>\n<li><span style=\"font-weight: 400;\">Voltaje: 127 V 60 Hz<\/span><\/li>\n<li><span style=\"font-weight: 400;\">Potencia: 350 W<\/span><\/li>\n<li><span style=\"font-weight: 400;\">Frente 40 cm<\/span><\/li>\n<li><span style=\"font-weight: 400;\">Ancho 23 cm<\/span><\/li>\n<li><span style=\"font-weight: 400;\">Alto 40 cm<\/span><\/li>\n<li><span style=\"font-weight: 400;\">Di\u00e1metro 23 cm<\/span><\/li>\n<li><span style=\"font-weight: 400;\">Peso 18 kg<\/span><\/li>\n<\/ul>\n","protected":false},"excerpt":{"rendered":"<p>Para preparar pasteler\u00eda, bizcocher\u00eda y pan de masa ligera. Incluye accesorios para mezclar, batir y amasar. 10 velocidades Taz\u00f3n de acero inoxidable Cubierta pl\u00e1stica de protecci\u00f3n Capacidad de taz\u00f3n: 7 litros Capacidad de amasado: 0.6 kg Velocidades: 10 Velocidad: 0 a 780 RPM Voltaje: 127 V 60 Hz Potencia: 350 W Frente 40 cm Ancho [&hellip;]<\/p>\n","protected":false},"featured_media":1062,"comment_status":"open","ping_status":"closed","template":"","meta":[],"product_cat":[26],"product_tag":[],"class_list":{"0":"post-936","1":"product","2":"type-product","3":"status-publish","4":"has-post-thumbnail","6":"product_cat-batidora","8":"first","9":"instock","10":"shipping-taxable","11":"product-type-simple"},"_links":{"self":[{"href":"https:\/\/manospanaderas.com\/index.php\/wp-json\/wp\/v2\/product\/936"}],"collection":[{"href":"https:\/\/manospanaderas.com\/index.php\/wp-json\/wp\/v2\/product"}],"about":[{"href":"https:\/\/manospanaderas.com\/index.php\/wp-json\/wp\/v2\/types\/product"}],"replies":[{"embeddable":true,"href":"https:\/\/manospanaderas.com\/index.php\/wp-json\/wp\/v2\/comments?post=936"}],"wp:featuredmedia":[{"embeddable":true,"href":"https:\/\/manospanaderas.com\/index.php\/wp-json\/wp\/v2\/media\/1062"}],"wp:attachment":[{"href":"https:\/\/manospanaderas.com\/index.php\/wp-json\/wp\/v2\/media?parent=936"}],"wp:term":[{"taxonomy":"product_cat","embeddable":true,"href":"https:\/\/manospanaderas.com\/index.php\/wp-json\/wp\/v2\/product_cat?post=936"},{"taxonomy":"product_tag","embeddable":true,"href":"https:\/\/manospanaderas.com\/index.php\/wp-json\/wp\/v2\/product_tag?post=936"}],"curies":[{"name":"wp","href":"https:\/\/api.w.org\/{rel}","templated":true}]}}