{"id":937,"date":"2024-04-18T13:34:33","date_gmt":"2024-04-18T13:34:33","guid":{"rendered":"https:\/\/manospanaderas.com\/?post_type=product&#038;p=937"},"modified":"2024-07-05T16:51:09","modified_gmt":"2024-07-05T16:51:09","slug":"amasadora-rhino-40-litros","status":"publish","type":"product","link":"https:\/\/manospanaderas.com\/index.php\/product\/amasadora-rhino-40-litros\/","title":{"rendered":"Amasadora Rhino 40 litros"},"content":{"rendered":"<p>AER-40lt<\/p>\n<ul>\n<li>Medidas: 75 x 49 x 105 cm (Frente x ancho x alto)<\/li>\n<li>Di\u00e1metro de taz\u00f3n: 45 cm<\/li>\n<li>Taz\u00f3n en acero inoxidable<\/li>\n<li>Capacidad 40 litros<\/li>\n<li>Capacidad de amasado 24 kg<\/li>\n<li>Potencia 3000 w<\/li>\n<li>Motor 4 hp<\/li>\n<li>Voltaje 220 V 60 Hz<\/li>\n<li>Doble acci\u00f3n giratoria<\/li>\n<li>Temporizador de tiempos<\/li>\n<li>Incluye: reja protectora<\/li>\n<li>Peso 104 kg<\/li>\n<\/ul>\n","protected":false},"excerpt":{"rendered":"<p>AER-40lt Medidas: 75 x 49 x 105 cm (Frente x ancho x alto) Di\u00e1metro de taz\u00f3n: 45 cm Taz\u00f3n en acero inoxidable Capacidad 40 litros Capacidad de amasado 24 kg Potencia 3000 w Motor 4 hp Voltaje 220 V 60 Hz Doble acci\u00f3n giratoria Temporizador de tiempos Incluye: reja protectora Peso 104 kg<\/p>\n","protected":false},"featured_media":1061,"comment_status":"open","ping_status":"closed","template":"","meta":[],"product_cat":[25],"product_tag":[],"class_list":{"0":"post-937","1":"product","2":"type-product","3":"status-publish","4":"has-post-thumbnail","6":"product_cat-amazadora","8":"first","9":"instock","10":"shipping-taxable","11":"product-type-simple"},"_links":{"self":[{"href":"https:\/\/manospanaderas.com\/index.php\/wp-json\/wp\/v2\/product\/937"}],"collection":[{"href":"https:\/\/manospanaderas.com\/index.php\/wp-json\/wp\/v2\/product"}],"about":[{"href":"https:\/\/manospanaderas.com\/index.php\/wp-json\/wp\/v2\/types\/product"}],"replies":[{"embeddable":true,"href":"https:\/\/manospanaderas.com\/index.php\/wp-json\/wp\/v2\/comments?post=937"}],"wp:featuredmedia":[{"embeddable":true,"href":"https:\/\/manospanaderas.com\/index.php\/wp-json\/wp\/v2\/media\/1061"}],"wp:attachment":[{"href":"https:\/\/manospanaderas.com\/index.php\/wp-json\/wp\/v2\/media?parent=937"}],"wp:term":[{"taxonomy":"product_cat","embeddable":true,"href":"https:\/\/manospanaderas.com\/index.php\/wp-json\/wp\/v2\/product_cat?post=937"},{"taxonomy":"product_tag","embeddable":true,"href":"https:\/\/manospanaderas.com\/index.php\/wp-json\/wp\/v2\/product_tag?post=937"}],"curies":[{"name":"wp","href":"https:\/\/api.w.org\/{rel}","templated":true}]}}