{"id":942,"date":"2024-04-18T13:43:48","date_gmt":"2024-04-18T13:43:48","guid":{"rendered":"https:\/\/manospanaderas.com\/?post_type=product&#038;p=942"},"modified":"2024-07-05T16:37:29","modified_gmt":"2024-07-05T16:37:29","slug":"amasadora-35-kg","status":"publish","type":"product","link":"https:\/\/manospanaderas.com\/index.php\/product\/amasadora-35-kg\/","title":{"rendered":"Amasadora 35 kg"},"content":{"rendered":"<p><span style=\"font-weight: 400;\">Amasadora marca Manos Panaderas 35 kilos<\/span><\/p>\n<ul>\n<li><span style=\"font-weight: 400;\">MOTOR DE 5HP ENTRAN DOS EN PRIMERA Y 3 EN SEGUNDA\u00a0<\/span><\/li>\n<li><span style=\"font-weight: 400;\">GIRA LA ESPIRAL JUNTO CON EL CAZO\u00a0<\/span><\/li>\n<li><span style=\"font-weight: 400;\">2 VELOCIDADES SOLO EN TRIF\u00c1SICA<\/span><\/li>\n<li><span style=\"font-weight: 400;\">CAPACIDAD DE 35 KG DE MASA YA TERMINADA\u00a0<\/span><\/li>\n<li><b>MONOFASICA, BIFASICA Y TRIFASICA\u00a0<\/b><\/li>\n<li><span style=\"font-weight: 400;\">PESO 278<\/span><\/li>\n<li><span style=\"font-weight: 400;\">Cazo de acero inoxidable tipo 304<\/span><\/li>\n<li><span style=\"font-weight: 400;\">Espada separadora de acero inoxidable<\/span><\/li>\n<li><span style=\"font-weight: 400;\">Espada cortadora de masa en acero inoxidable<\/span><\/li>\n<li><span style=\"font-weight: 400;\">Espiral reforzado de acero inoxidable<\/span><\/li>\n<li><span style=\"font-weight: 400;\">Peso 279 kilos<\/span><\/li>\n<li><span style=\"font-weight: 400;\">Motor trifasico de 5 hp , 2 hp en baja y 3 hp en alta<\/span><\/li>\n<li><span style=\"font-weight: 400;\">Garant\u00eda de un a\u00f1o en todos sus componentes incluyendo los el\u00e9ctricos<\/span><\/li>\n<\/ul>\n","protected":false},"excerpt":{"rendered":"<p>Amasadora marca Manos Panaderas 35 kilos MOTOR DE 5HP ENTRAN DOS EN PRIMERA Y 3 EN SEGUNDA\u00a0 GIRA LA ESPIRAL JUNTO CON EL CAZO\u00a0 2 VELOCIDADES SOLO EN TRIF\u00c1SICA CAPACIDAD DE 35 KG DE MASA YA TERMINADA\u00a0 MONOFASICA, BIFASICA Y TRIFASICA\u00a0 PESO 278 Cazo de acero inoxidable tipo 304 Espada separadora de acero inoxidable Espada [&hellip;]<\/p>\n","protected":false},"featured_media":1357,"comment_status":"open","ping_status":"closed","template":"","meta":[],"product_cat":[25],"product_tag":[],"class_list":{"0":"post-942","1":"product","2":"type-product","3":"status-publish","4":"has-post-thumbnail","6":"product_cat-amazadora","8":"first","9":"instock","10":"shipping-taxable","11":"product-type-simple"},"_links":{"self":[{"href":"https:\/\/manospanaderas.com\/index.php\/wp-json\/wp\/v2\/product\/942"}],"collection":[{"href":"https:\/\/manospanaderas.com\/index.php\/wp-json\/wp\/v2\/product"}],"about":[{"href":"https:\/\/manospanaderas.com\/index.php\/wp-json\/wp\/v2\/types\/product"}],"replies":[{"embeddable":true,"href":"https:\/\/manospanaderas.com\/index.php\/wp-json\/wp\/v2\/comments?post=942"}],"wp:featuredmedia":[{"embeddable":true,"href":"https:\/\/manospanaderas.com\/index.php\/wp-json\/wp\/v2\/media\/1357"}],"wp:attachment":[{"href":"https:\/\/manospanaderas.com\/index.php\/wp-json\/wp\/v2\/media?parent=942"}],"wp:term":[{"taxonomy":"product_cat","embeddable":true,"href":"https:\/\/manospanaderas.com\/index.php\/wp-json\/wp\/v2\/product_cat?post=942"},{"taxonomy":"product_tag","embeddable":true,"href":"https:\/\/manospanaderas.com\/index.php\/wp-json\/wp\/v2\/product_tag?post=942"}],"curies":[{"name":"wp","href":"https:\/\/api.w.org\/{rel}","templated":true}]}}